{"id":2762,"date":"2025-04-26T16:21:37","date_gmt":"2025-04-26T14:21:37","guid":{"rendered":"https:\/\/sueca13flores.com\/?post_type=product&#038;p=2762"},"modified":"2026-03-07T16:51:00","modified_gmt":"2026-03-07T15:51:00","slug":"rod-anthurium-i-trakruka","status":"publish","type":"product","link":"https:\/\/sueca13flores.com\/sv\/produkt\/rod-anthurium-i-trakruka\/","title":{"rendered":"Anthurium roseta"},"content":{"rendered":"","protected":false},"excerpt":{"rendered":"<p>&nbsp;<\/p>\n<p>Vacker, t\u00e5lig och l\u00e4ttsk\u00f6tt blommande krukv\u00e4xt. F\u00e5r inte uts\u00e4ttas f\u00f6r direkt solljus.<br \/>\nH\u00f6jd ca 40 cm.  Krukans diameter 12 cm.<br \/>\nDu kan kostnadsfritt l\u00e4gga till en kortfattad beskrivning.<\/p>\n<p>Finns \u00e4ven i korall.<\/p>","protected":false},"featured_media":3606,"comment_status":"closed","ping_status":"closed","template":"","meta":[],"product_brand":[],"product_cat":[41,22],"product_tag":[],"class_list":{"0":"post-2762","1":"product","2":"type-product","3":"status-publish","4":"has-post-thumbnail","6":"product_cat-dia-de-la-mujer","7":"product_cat-plantas","9":"first","10":"instock","11":"taxable","12":"shipping-taxable","13":"purchasable","14":"product-type-simple"},"_links":{"self":[{"href":"https:\/\/sueca13flores.com\/sv\/wp-json\/wp\/v2\/product\/2762","targetHints":{"allow":["GET"]}}],"collection":[{"href":"https:\/\/sueca13flores.com\/sv\/wp-json\/wp\/v2\/product"}],"about":[{"href":"https:\/\/sueca13flores.com\/sv\/wp-json\/wp\/v2\/types\/product"}],"replies":[{"embeddable":true,"href":"https:\/\/sueca13flores.com\/sv\/wp-json\/wp\/v2\/comments?post=2762"}],"wp:featuredmedia":[{"embeddable":true,"href":"https:\/\/sueca13flores.com\/sv\/wp-json\/wp\/v2\/media\/3606"}],"wp:attachment":[{"href":"https:\/\/sueca13flores.com\/sv\/wp-json\/wp\/v2\/media?parent=2762"}],"wp:term":[{"taxonomy":"product_brand","embeddable":true,"href":"https:\/\/sueca13flores.com\/sv\/wp-json\/wp\/v2\/product_brand?post=2762"},{"taxonomy":"product_cat","embeddable":true,"href":"https:\/\/sueca13flores.com\/sv\/wp-json\/wp\/v2\/product_cat?post=2762"},{"taxonomy":"product_tag","embeddable":true,"href":"https:\/\/sueca13flores.com\/sv\/wp-json\/wp\/v2\/product_tag?post=2762"}],"curies":[{"name":"wp","href":"https:\/\/api.w.org\/{rel}","templated":true}]}}