{"id":2773,"date":"2025-04-27T11:16:34","date_gmt":"2025-04-27T09:16:34","guid":{"rendered":"https:\/\/sueca13flores.com\/?post_type=product&#038;p=2773"},"modified":"2025-04-27T11:16:35","modified_gmt":"2025-04-27T09:16:35","slug":"la-dolceta-bukett","status":"publish","type":"product","link":"https:\/\/sueca13flores.com\/sv\/produkt\/la-dolceta-bukett\/","title":{"rendered":"La Dol\u00e7eta-bukett"},"content":{"rendered":"","protected":false},"excerpt":{"rendered":"<p>&nbsp;<\/p>\n<p>Den s\u00f6taste och mest flirtiga buketten i kollektionen. En perfekt kombination av mjuka f\u00e4rger som vita rosor, bl\u00e5 hortensior, inslag av aromatiska gr\u00f6na v\u00e4xter som mastix, s\u00f6tman hos vitt limonium och den speciella touchen hos veronika g\u00f6r den h\u00e4r buketten till en njutning f\u00f6r sinnena och en unik g\u00e5va som kommer att finnas kvar i minnet i m\u00e5nga \u00e5r.<\/p>\n<p>Alla v\u00e5ra buketter \u00e4r gjorda med stor omsorg, med blommor av h\u00f6gsta kvalitet och mycket blomsterkonst.<\/p>\n<p>Du kan l\u00e4gga till en kort dedikation kostnadsfritt.<\/p>","protected":false},"featured_media":2776,"comment_status":"closed","ping_status":"closed","template":"","meta":[],"product_brand":[],"product_cat":[42,26],"product_tag":[],"class_list":{"0":"post-2773","1":"product","2":"type-product","3":"status-publish","4":"has-post-thumbnail","6":"product_cat-dia-de-la-madre","7":"product_cat-composiciones-de-flores-y-plantas","9":"first","10":"instock","11":"taxable","12":"shipping-taxable","13":"purchasable","14":"product-type-simple"},"_links":{"self":[{"href":"https:\/\/sueca13flores.com\/sv\/wp-json\/wp\/v2\/product\/2773","targetHints":{"allow":["GET"]}}],"collection":[{"href":"https:\/\/sueca13flores.com\/sv\/wp-json\/wp\/v2\/product"}],"about":[{"href":"https:\/\/sueca13flores.com\/sv\/wp-json\/wp\/v2\/types\/product"}],"replies":[{"embeddable":true,"href":"https:\/\/sueca13flores.com\/sv\/wp-json\/wp\/v2\/comments?post=2773"}],"wp:featuredmedia":[{"embeddable":true,"href":"https:\/\/sueca13flores.com\/sv\/wp-json\/wp\/v2\/media\/2776"}],"wp:attachment":[{"href":"https:\/\/sueca13flores.com\/sv\/wp-json\/wp\/v2\/media?parent=2773"}],"wp:term":[{"taxonomy":"product_brand","embeddable":true,"href":"https:\/\/sueca13flores.com\/sv\/wp-json\/wp\/v2\/product_brand?post=2773"},{"taxonomy":"product_cat","embeddable":true,"href":"https:\/\/sueca13flores.com\/sv\/wp-json\/wp\/v2\/product_cat?post=2773"},{"taxonomy":"product_tag","embeddable":true,"href":"https:\/\/sueca13flores.com\/sv\/wp-json\/wp\/v2\/product_tag?post=2773"}],"curies":[{"name":"wp","href":"https:\/\/api.w.org\/{rel}","templated":true}]}}