{"id":285,"date":"2020-12-13T20:43:08","date_gmt":"2020-12-13T19:43:08","guid":{"rendered":"https:\/\/sueca13flores.com\/?post_type=product&#038;p=285"},"modified":"2024-10-10T12:48:38","modified_gmt":"2024-10-10T10:48:38","slug":"zamioculca","status":"publish","type":"product","link":"https:\/\/sueca13flores.com\/sv\/produkt\/zamioculca\/","title":{"rendered":"Zamioculca"},"content":{"rendered":"","protected":false},"excerpt":{"rendered":"<p><span style=\"vertical-align: inherit;\"><span style=\"vertical-align: inherit;\">Uppt\u00e4ck den exotiska och fascinerande Zamioculca, den gr\u00f6na juvelen som kommer att lysa upp ditt hem!<\/span><\/span><\/p>\n<p><span style=\"vertical-align: inherit;\"><span style=\"vertical-align: inherit;\">Med sitt frodiga bladverk av glansiga, glansiga blad \u00e4r denna krukv\u00e4xt den perfekta kombinationen av elegans och enkel sk\u00f6tsel. <\/span><span style=\"vertical-align: inherit;\">Den robusta stammen och de djupt m\u00f6rkgr\u00f6na bladen skapar ett sl\u00e5ende utseende som ger en touch av sofistikering till alla utrymmen.<\/span><\/span><\/p>\n<p><span style=\"vertical-align: inherit;\"><span style=\"vertical-align: inherit;\">Oavsett om du \u00e4r tr\u00e4dg\u00e5rdsexpert eller en entusiastisk nyb\u00f6rjare \u00e4r Zamioculca ett smart val. <\/span><span style=\"vertical-align: inherit;\">Den kr\u00e4ver lite underh\u00e5ll och \u00e4r k\u00e4nd f\u00f6r sin f\u00f6rm\u00e5ga att \u00f6verleva i svaga ljusf\u00f6rh\u00e5llanden och med lite vattning. <\/span><span style=\"vertical-align: inherit;\">Oroa dig inte f\u00f6r att gl\u00f6mma bort att titta p\u00e5 henne, den h\u00e4r sk\u00f6nheten anpassar sig l\u00e4tt till olika milj\u00f6er!<\/span><\/span><\/p>\n<p><span style=\"vertical-align: inherit;\"><span style=\"vertical-align: inherit;\">V\u00e5r h\u00f6gkvalitativa Zamioculca har noggrant valts ut och odlats f\u00f6r att s\u00e4kerst\u00e4lla dess h\u00e4lsa och vitalitet. <\/span><span style=\"vertical-align: inherit;\">. <\/span><span style=\"vertical-align: inherit;\">Dessutom g\u00f6r dess motst\u00e5ndskraft mot skadedjur och sjukdomar den till ett perfekt val f\u00f6r dem som letar efter en h\u00e5llbar och h\u00e4rdig v\u00e4xt.<\/span><\/span><\/p>\n<p><span style=\"vertical-align: inherit;\"><span style=\"vertical-align: inherit;\">L\u00e4gg till en touch av natur i ditt hem eller p\u00e5 ditt kontor med denna fantastiska Zamioculca. <\/span><span style=\"vertical-align: inherit;\">De fj\u00e4derlika bladen och den majest\u00e4tiska staturen g\u00f6r den till en sl\u00e5ende mittpunkt i alla inredningar. <\/span><span style=\"vertical-align: inherit;\">Det \u00e4r inte bara ett visuellt tilltalande till\u00e4gg, utan det renar ocks\u00e5 luften och skapar en h\u00e4lsosam och fr\u00e4sch milj\u00f6.<\/span><\/span><\/p>\n<p><span style=\"vertical-align: inherit;\"><span style=\"vertical-align: inherit;\">Stig in i Zamioculcas v\u00e4rld och l\u00e5t dess naturliga charm f\u00f6rvandla ditt utrymme till en oas av lugn och stil.<\/span><\/span><\/p>","protected":false},"featured_media":600,"comment_status":"open","ping_status":"closed","template":"","meta":[],"product_brand":[],"product_cat":[22],"product_tag":[],"class_list":{"0":"post-285","1":"product","2":"type-product","3":"status-publish","4":"has-post-thumbnail","6":"product_cat-plantas","8":"first","9":"instock","10":"taxable","11":"shipping-taxable","12":"purchasable","13":"product-type-simple"},"_links":{"self":[{"href":"https:\/\/sueca13flores.com\/sv\/wp-json\/wp\/v2\/product\/285","targetHints":{"allow":["GET"]}}],"collection":[{"href":"https:\/\/sueca13flores.com\/sv\/wp-json\/wp\/v2\/product"}],"about":[{"href":"https:\/\/sueca13flores.com\/sv\/wp-json\/wp\/v2\/types\/product"}],"replies":[{"embeddable":true,"href":"https:\/\/sueca13flores.com\/sv\/wp-json\/wp\/v2\/comments?post=285"}],"wp:featuredmedia":[{"embeddable":true,"href":"https:\/\/sueca13flores.com\/sv\/wp-json\/wp\/v2\/media\/600"}],"wp:attachment":[{"href":"https:\/\/sueca13flores.com\/sv\/wp-json\/wp\/v2\/media?parent=285"}],"wp:term":[{"taxonomy":"product_brand","embeddable":true,"href":"https:\/\/sueca13flores.com\/sv\/wp-json\/wp\/v2\/product_brand?post=285"},{"taxonomy":"product_cat","embeddable":true,"href":"https:\/\/sueca13flores.com\/sv\/wp-json\/wp\/v2\/product_cat?post=285"},{"taxonomy":"product_tag","embeddable":true,"href":"https:\/\/sueca13flores.com\/sv\/wp-json\/wp\/v2\/product_tag?post=285"}],"curies":[{"name":"wp","href":"https:\/\/api.w.org\/{rel}","templated":true}]}}