{"id":289,"date":"2020-12-14T21:30:53","date_gmt":"2020-12-14T20:30:53","guid":{"rendered":"https:\/\/sueca13flores.com\/?post_type=product&#038;p=289"},"modified":"2025-10-23T13:27:12","modified_gmt":"2025-10-23T11:27:12","slug":"opuntia-blanca","status":"publish","type":"product","link":"https:\/\/sueca13flores.com\/sv\/produkt\/opuntia-blanca\/","title":{"rendered":"Vit Opuntia"},"content":{"rendered":"","protected":false},"excerpt":{"rendered":"<p><span style=\"vertical-align: inherit;\"><span style=\"vertical-align: inherit;\">Opuntia \u00e4r en naturlig sk\u00f6nhet som kombinerar elegans och styrka. Dess palettformade blad \u00e4r en duk av gr\u00f6na och vita nyanser, vilket skapar ett unikt visuellt sk\u00e5despel i alla utrymmen.<\/span><\/span><\/p>\n<p><span style=\"vertical-align: inherit;\"><span style=\"vertical-align: inherit;\">Det \u00e4r en f\u00f6rl\u00e5tande v\u00e4xt som kr\u00e4ver lite underh\u00e5ll och trivs i en m\u00e4ngd olika klimatf\u00f6rh\u00e5llanden. Dess f\u00f6rm\u00e5ga att lagra vatten i sina saftiga stj\u00e4lkar g\u00f6r att den kan \u00f6verleva i \u00f6kenmilj\u00f6er, vilket g\u00f6r den till det perfekta valet f\u00f6r dem som letar efter en exotisk och t\u00e5lig touch i sitt hem.<\/span><\/span><\/p>\n<p><span style=\"vertical-align: inherit;\"><span style=\"vertical-align: inherit;\">Oavsett om du vill ge ditt vardagsrum en f\u00e4rgklick, skapa ett charmigt h\u00f6rn i din tr\u00e4dg\u00e5rd eller helt enkelt \u00f6verraska n\u00e5gon speciell med en unik g\u00e5va, \u00e4r Opuntia det perfekta valet. Deras extravaganta former och f\u00e4rger kommer inte bara att lysa upp ditt utrymme, utan ocks\u00e5 tillf\u00f6ra en touch av sofistikering och v\u00e4rme.<\/span><\/span><\/p>\n<p><span style=\"vertical-align: inherit;\"><span style=\"vertical-align: inherit;\">I v\u00e5r onlinebutik hittar du ocks\u00e5 Opuntia Roja, b\u00e5da sorterna odlade i Valencian Community och acklimatiserade till perfektion till v\u00e5rt klimat, vilket garanterar att varje Opuntia som kommer till ditt hem \u00e4r frisk och redo att trivas.<\/span><\/span><\/p>\n<p><span style=\"vertical-align: inherit;\"><span style=\"vertical-align: inherit;\">Missa inte chansen att njuta av Opuntias magi. Utforska v\u00e5rt sortiment och l\u00e4gg till en touch av naturlig sk\u00f6nhet i ditt liv med denna fascinerande v\u00e4xt - k\u00f6p nu och f\u00f6rvandla ditt utrymme till ett kaktusparadis!<\/span><\/span><\/p>\n<p><span style=\"vertical-align: inherit;\"><span style=\"vertical-align: inherit;\">Korgen ing\u00e5r inte, men du hittar den i v\u00e5r onlinebutik.<\/span><\/span><\/p>","protected":false},"featured_media":247,"comment_status":"closed","ping_status":"closed","template":"","meta":[],"product_brand":[],"product_cat":[22],"product_tag":[],"class_list":{"0":"post-289","1":"product","2":"type-product","3":"status-publish","4":"has-post-thumbnail","6":"product_cat-plantas","8":"first","9":"instock","10":"taxable","11":"shipping-taxable","12":"purchasable","13":"product-type-simple"},"_links":{"self":[{"href":"https:\/\/sueca13flores.com\/sv\/wp-json\/wp\/v2\/product\/289","targetHints":{"allow":["GET"]}}],"collection":[{"href":"https:\/\/sueca13flores.com\/sv\/wp-json\/wp\/v2\/product"}],"about":[{"href":"https:\/\/sueca13flores.com\/sv\/wp-json\/wp\/v2\/types\/product"}],"replies":[{"embeddable":true,"href":"https:\/\/sueca13flores.com\/sv\/wp-json\/wp\/v2\/comments?post=289"}],"wp:featuredmedia":[{"embeddable":true,"href":"https:\/\/sueca13flores.com\/sv\/wp-json\/wp\/v2\/media\/247"}],"wp:attachment":[{"href":"https:\/\/sueca13flores.com\/sv\/wp-json\/wp\/v2\/media?parent=289"}],"wp:term":[{"taxonomy":"product_brand","embeddable":true,"href":"https:\/\/sueca13flores.com\/sv\/wp-json\/wp\/v2\/product_brand?post=289"},{"taxonomy":"product_cat","embeddable":true,"href":"https:\/\/sueca13flores.com\/sv\/wp-json\/wp\/v2\/product_cat?post=289"},{"taxonomy":"product_tag","embeddable":true,"href":"https:\/\/sueca13flores.com\/sv\/wp-json\/wp\/v2\/product_tag?post=289"}],"curies":[{"name":"wp","href":"https:\/\/api.w.org\/{rel}","templated":true}]}}