{"id":293,"date":"2020-12-14T21:59:06","date_gmt":"2020-12-14T20:59:06","guid":{"rendered":"https:\/\/sueca13flores.com\/?post_type=product&#038;p=293"},"modified":"2025-05-16T08:23:33","modified_gmt":"2025-05-16T06:23:33","slug":"euphorbia-trigona","status":"publish","type":"product","link":"https:\/\/sueca13flores.com\/sv\/produkt\/euphorbia-trigona\/","title":{"rendered":"Euphorbia Trigona i fl\u00e4tad korg"},"content":{"rendered":"","protected":false},"excerpt":{"rendered":"<p><span style=\"vertical-align: inherit;\"><span style=\"vertical-align: inherit;\">Denna tropiska SUCULENTA v\u00e4xt, som ser ut som en kaktus, \u00e4ven k\u00e4nd som \"African Cactus\", \"Crystal Thorn\" eller \"Milk Tree\", \u00e4r en sann naturjuvel som f\u00e4ngslar med sin unika form och o\u00f6vertr\u00e4ffade sk\u00f6nhet.<\/span><\/span><\/p>\n<p><span style=\"vertical-align: inherit;\"><span style=\"vertical-align: inherit;\">EUPHORBIA TRIGONA \u00e4r k\u00e4nd f\u00f6r sina triangul\u00e4ra gr\u00f6na stj\u00e4lkar som v\u00e4xer vertikalt mot himlen och bildar en imponerande arkitektonisk struktur. Dess kanter \u00e4r prydda med vassa taggar som ger en touch av intriger och mystik till dess utseende. Dessutom kan stj\u00e4lkarna f\u00e5 r\u00f6daktiga och lila nyanser i direkt solljus, vilket ger denna exceptionella v\u00e4xt \u00e4nnu mer charm.<\/span><\/span><\/p>\n<p><span style=\"vertical-align: inherit;\"><span style=\"vertical-align: inherit;\">Denna suckulenta v\u00e4xt \u00e4r l\u00e4ttsk\u00f6tt, perfekt f\u00f6r dig som vill njuta av naturens sk\u00f6nhet utan att beh\u00f6va mycket uppm\u00e4rksamhet. Den beh\u00f6ver bara rikligt med indirekt ljus utan direkt sol, m\u00e5ttlig vattning och v\u00e4ldr\u00e4nerad jord f\u00f6r att trivas och v\u00e4xa lyckligt. Dessutom g\u00f6r dess f\u00f6rm\u00e5ga att lagra vatten i stj\u00e4lkarna den till ett perfekt val f\u00f6r v\u00e4xt\u00e4lskare som ibland gl\u00f6mmer att titta.<\/span><\/span><\/p>\n<p><span style=\"vertical-align: inherit;\"><span style=\"vertical-align: inherit;\">Den \u00e4r inte bara ett utm\u00e4rkt inslag i inredningen, utan har ocks\u00e5 milj\u00f6m\u00e4ssiga f\u00f6rdelar. Den h\u00e4r v\u00e4xten hj\u00e4lper till att rena luften genom att absorbera gifter och frig\u00f6ra friskt syre, vilket skapar en h\u00e4lsosammare och mer vitaliserande milj\u00f6 i ditt hem.<\/span><\/span><\/p>\n<p><span style=\"vertical-align: inherit;\"><span style=\"vertical-align: inherit;\">I v\u00e5r onlinebutik erbjuder vi h\u00f6gkvalitativ EUPHORBIA TRIGONA, odlad med k\u00e4rlek och omsorg. Varje planta \u00e4r unik i sin form och storlek, vilket g\u00f6r den till ett perfekt val f\u00f6r dem som letar efter en speciell och autentisk touch i sin dekoration.<\/span><\/span><\/p>\n<p><span style=\"vertical-align: inherit;\"><span style=\"vertical-align: inherit;\">\u00a0V\u00e4xtens storlek \u00e4r cirka 20-25 cm och en diameter p\u00e5 12 cm.\u00a0\u00a0<\/span><\/span><\/p>","protected":false},"featured_media":2524,"comment_status":"closed","ping_status":"closed","template":"","meta":[],"product_brand":[],"product_cat":[22],"product_tag":[],"class_list":{"0":"post-293","1":"product","2":"type-product","3":"status-publish","4":"has-post-thumbnail","6":"product_cat-plantas","8":"first","9":"instock","10":"taxable","11":"shipping-taxable","12":"purchasable","13":"product-type-simple"},"_links":{"self":[{"href":"https:\/\/sueca13flores.com\/sv\/wp-json\/wp\/v2\/product\/293","targetHints":{"allow":["GET"]}}],"collection":[{"href":"https:\/\/sueca13flores.com\/sv\/wp-json\/wp\/v2\/product"}],"about":[{"href":"https:\/\/sueca13flores.com\/sv\/wp-json\/wp\/v2\/types\/product"}],"replies":[{"embeddable":true,"href":"https:\/\/sueca13flores.com\/sv\/wp-json\/wp\/v2\/comments?post=293"}],"wp:featuredmedia":[{"embeddable":true,"href":"https:\/\/sueca13flores.com\/sv\/wp-json\/wp\/v2\/media\/2524"}],"wp:attachment":[{"href":"https:\/\/sueca13flores.com\/sv\/wp-json\/wp\/v2\/media?parent=293"}],"wp:term":[{"taxonomy":"product_brand","embeddable":true,"href":"https:\/\/sueca13flores.com\/sv\/wp-json\/wp\/v2\/product_brand?post=293"},{"taxonomy":"product_cat","embeddable":true,"href":"https:\/\/sueca13flores.com\/sv\/wp-json\/wp\/v2\/product_cat?post=293"},{"taxonomy":"product_tag","embeddable":true,"href":"https:\/\/sueca13flores.com\/sv\/wp-json\/wp\/v2\/product_tag?post=293"}],"curies":[{"name":"wp","href":"https:\/\/api.w.org\/{rel}","templated":true}]}}