{"id":2947,"date":"2025-07-19T13:52:07","date_gmt":"2025-07-19T11:52:07","guid":{"rendered":"https:\/\/sueca13flores.com\/?post_type=product&#038;p=2947"},"modified":"2025-07-19T13:52:07","modified_gmt":"2025-07-19T11:52:07","slug":"liten-bombonjar-med-farska-blommor","status":"publish","type":"product","link":"https:\/\/sueca13flores.com\/sv\/produkt\/liten-bombonjar-med-farska-blommor\/","title":{"rendered":"Liten f\u00e4rsk blomma Bombonera"},"content":{"rendered":"","protected":false},"excerpt":{"rendered":"<p>&nbsp;<\/p>\n<p>Kan du t\u00e4nka dig att f\u00e5 en elegant svart l\u00e5da med en rosett och n\u00e4r du \u00f6ppnar den visas underbara f\u00e4rska blommor redo att avnjutas?<\/p>\n<p>Varje bonbonniere \u00e4r unik, handgjord f\u00f6r hand och var och en \u00f6verraskar med olika blommor varje dag beroende p\u00e5 s\u00e4song. S\u00e5 f\u00f6rv\u00e4nta dig inte en bonbonniere som \u00e4r identisk med bilden, din kommer att g\u00f6ras exklusivt f\u00f6r dig p\u00e5 best\u00e4llningsdagen. Vi prioriterar lokalt odlade Valencianska och nationella blommor och de gr\u00f6na som passar med dem.<\/p>\n<p>Ungef\u00e4rliga m\u00e5tt: 15-17 cm i diameter och ca 12 cm i h\u00f6jd.<\/p>\n<p>Du kan l\u00e4gga till en kort dedikation kostnadsfritt.<\/p>","protected":false},"featured_media":2948,"comment_status":"closed","ping_status":"closed","template":"","meta":[],"product_brand":[],"product_cat":[38],"product_tag":[],"class_list":{"0":"post-2947","1":"product","2":"type-product","3":"status-publish","4":"has-post-thumbnail","6":"product_cat-centros-y-cestas-de-flores","8":"first","9":"instock","10":"taxable","11":"shipping-taxable","12":"purchasable","13":"product-type-simple"},"_links":{"self":[{"href":"https:\/\/sueca13flores.com\/sv\/wp-json\/wp\/v2\/product\/2947","targetHints":{"allow":["GET"]}}],"collection":[{"href":"https:\/\/sueca13flores.com\/sv\/wp-json\/wp\/v2\/product"}],"about":[{"href":"https:\/\/sueca13flores.com\/sv\/wp-json\/wp\/v2\/types\/product"}],"replies":[{"embeddable":true,"href":"https:\/\/sueca13flores.com\/sv\/wp-json\/wp\/v2\/comments?post=2947"}],"wp:featuredmedia":[{"embeddable":true,"href":"https:\/\/sueca13flores.com\/sv\/wp-json\/wp\/v2\/media\/2948"}],"wp:attachment":[{"href":"https:\/\/sueca13flores.com\/sv\/wp-json\/wp\/v2\/media?parent=2947"}],"wp:term":[{"taxonomy":"product_brand","embeddable":true,"href":"https:\/\/sueca13flores.com\/sv\/wp-json\/wp\/v2\/product_brand?post=2947"},{"taxonomy":"product_cat","embeddable":true,"href":"https:\/\/sueca13flores.com\/sv\/wp-json\/wp\/v2\/product_cat?post=2947"},{"taxonomy":"product_tag","embeddable":true,"href":"https:\/\/sueca13flores.com\/sv\/wp-json\/wp\/v2\/product_tag?post=2947"}],"curies":[{"name":"wp","href":"https:\/\/api.w.org\/{rel}","templated":true}]}}