{"id":2955,"date":"2025-07-22T18:24:16","date_gmt":"2025-07-22T16:24:16","guid":{"rendered":"https:\/\/sueca13flores.com\/?post_type=product&#038;p=2955"},"modified":"2026-03-30T12:02:50","modified_gmt":"2026-03-30T10:02:50","slug":"miss-sis-rosor-blanques","status":"publish","type":"product","link":"https:\/\/sueca13flores.com\/sv\/produkt\/miss-sis-rosor-blanques\/","title":{"rendered":"Miss Sis Roses Blanques"},"content":{"rendered":"","protected":false},"excerpt":{"rendered":"<p>&nbsp;<\/p>\n<p>Den h\u00e4r charmiga, eleganta och enkla buketten med sex vita rosor av h\u00f6gsta kvalitet kommer att gl\u00e4dja mottagaren.<\/p>\n<p>Den \u00e5tf\u00f6ljs av s\u00e4songsbetonade, lokalt odlade gr\u00f6nsaker och vitt limonium, ett perfekt komplement till en idealisk bukett.<\/p>\n<p>Du kan l\u00e4gga till en kort dedikation kostnadsfritt.<\/p>","protected":false},"featured_media":2956,"comment_status":"closed","ping_status":"closed","template":"","meta":[],"product_brand":[],"product_cat":[41,26,24],"product_tag":[],"class_list":{"0":"post-2955","1":"product","2":"type-product","3":"status-publish","4":"has-post-thumbnail","6":"product_cat-dia-de-la-mujer","7":"product_cat-composiciones-de-flores-y-plantas","8":"product_cat-rosas","10":"first","11":"instock","12":"taxable","13":"shipping-taxable","14":"purchasable","15":"product-type-simple"},"_links":{"self":[{"href":"https:\/\/sueca13flores.com\/sv\/wp-json\/wp\/v2\/product\/2955","targetHints":{"allow":["GET"]}}],"collection":[{"href":"https:\/\/sueca13flores.com\/sv\/wp-json\/wp\/v2\/product"}],"about":[{"href":"https:\/\/sueca13flores.com\/sv\/wp-json\/wp\/v2\/types\/product"}],"replies":[{"embeddable":true,"href":"https:\/\/sueca13flores.com\/sv\/wp-json\/wp\/v2\/comments?post=2955"}],"wp:featuredmedia":[{"embeddable":true,"href":"https:\/\/sueca13flores.com\/sv\/wp-json\/wp\/v2\/media\/2956"}],"wp:attachment":[{"href":"https:\/\/sueca13flores.com\/sv\/wp-json\/wp\/v2\/media?parent=2955"}],"wp:term":[{"taxonomy":"product_brand","embeddable":true,"href":"https:\/\/sueca13flores.com\/sv\/wp-json\/wp\/v2\/product_brand?post=2955"},{"taxonomy":"product_cat","embeddable":true,"href":"https:\/\/sueca13flores.com\/sv\/wp-json\/wp\/v2\/product_cat?post=2955"},{"taxonomy":"product_tag","embeddable":true,"href":"https:\/\/sueca13flores.com\/sv\/wp-json\/wp\/v2\/product_tag?post=2955"}],"curies":[{"name":"wp","href":"https:\/\/api.w.org\/{rel}","templated":true}]}}