{"id":3148,"date":"2025-10-17T18:54:42","date_gmt":"2025-10-17T16:54:42","guid":{"rendered":"https:\/\/sueca13flores.com\/?post_type=product&#038;p=3148"},"modified":"2025-10-17T18:54:42","modified_gmt":"2025-10-17T16:54:42","slug":"workshop-for-blommiga-pumpor-barn-morgonskift-25-10","status":"publish","type":"product","link":"https:\/\/sueca13flores.com\/sv\/produkt\/workshop-for-blommiga-pumpor-barn-morgonskift-25-10\/","title":{"rendered":"Blommig pumpa Workshop Barn Morgonskift 25\/10"},"content":{"rendered":"","protected":false},"excerpt":{"rendered":"<p>&nbsp;<\/p>\n<p><span style=\"font-size: inherit;\">Riktar sig till barn mellan 4 och 12 \u00e5r.<\/span><\/p>\n<p>De f\u00e5r l\u00e4ra sig att dekorera sin egen naturliga pumpa med f\u00e4rska blommor med hj\u00e4lp av floristtekniker och f\u00e5r sedan ta med den hem. Allt material ing\u00e5r.<br \/>\nDe kan komma utkl\u00e4dda.<br \/>\n\ud83c\udf42\ud83c\udf83\u2620<\/p>\n<p>N\u00e4r du bokar online f\u00e5r du en bekr\u00e4ftelse p\u00e5 att du har f\u00e5tt en plats.<\/p>\n<p>Tidtabell fr\u00e5n kl. 11.00 till kl. 12.30.<\/p>","protected":false},"featured_media":3147,"comment_status":"closed","ping_status":"closed","template":"","meta":[],"product_brand":[],"product_cat":[42],"product_tag":[],"class_list":{"0":"post-3148","1":"product","2":"type-product","3":"status-publish","4":"has-post-thumbnail","6":"product_cat-dia-de-la-madre","8":"first","9":"instock","10":"taxable","11":"shipping-taxable","12":"purchasable","13":"product-type-simple"},"_links":{"self":[{"href":"https:\/\/sueca13flores.com\/sv\/wp-json\/wp\/v2\/product\/3148","targetHints":{"allow":["GET"]}}],"collection":[{"href":"https:\/\/sueca13flores.com\/sv\/wp-json\/wp\/v2\/product"}],"about":[{"href":"https:\/\/sueca13flores.com\/sv\/wp-json\/wp\/v2\/types\/product"}],"replies":[{"embeddable":true,"href":"https:\/\/sueca13flores.com\/sv\/wp-json\/wp\/v2\/comments?post=3148"}],"wp:featuredmedia":[{"embeddable":true,"href":"https:\/\/sueca13flores.com\/sv\/wp-json\/wp\/v2\/media\/3147"}],"wp:attachment":[{"href":"https:\/\/sueca13flores.com\/sv\/wp-json\/wp\/v2\/media?parent=3148"}],"wp:term":[{"taxonomy":"product_brand","embeddable":true,"href":"https:\/\/sueca13flores.com\/sv\/wp-json\/wp\/v2\/product_brand?post=3148"},{"taxonomy":"product_cat","embeddable":true,"href":"https:\/\/sueca13flores.com\/sv\/wp-json\/wp\/v2\/product_cat?post=3148"},{"taxonomy":"product_tag","embeddable":true,"href":"https:\/\/sueca13flores.com\/sv\/wp-json\/wp\/v2\/product_tag?post=3148"}],"curies":[{"name":"wp","href":"https:\/\/api.w.org\/{rel}","templated":true}]}}