{"id":3490,"date":"2026-02-12T19:15:54","date_gmt":"2026-02-12T18:15:54","guid":{"rendered":"https:\/\/sueca13flores.com\/?post_type=product&#038;p=3490"},"modified":"2026-02-19T12:11:19","modified_gmt":"2026-02-19T11:11:19","slug":"rosett","status":"publish","type":"product","link":"https:\/\/sueca13flores.com\/sv\/produkt\/rosett\/","title":{"rendered":"Rosett"},"content":{"rendered":"","protected":false},"excerpt":{"rendered":"<p>&nbsp;<\/p>\n<p>Denna lilla rosenbuske \u00e4r en perfekt present till rosen\u00e4lskare som vill att den ska h\u00e5lla, precis som k\u00e4rleken.<\/p>\n<p>Den kommer att bli lycklig med mycket gos, sol och ett bra underlag. Den levereras dekorerad speciellt f\u00f6r Alla hj\u00e4rtans dag.<\/p>\n<p>Blommornas f\u00e4rg kan variera beroende p\u00e5 tillg\u00e4nglighet.<\/p>","protected":false},"featured_media":3491,"comment_status":"closed","ping_status":"closed","template":"","meta":[],"product_brand":[],"product_cat":[42],"product_tag":[],"class_list":{"0":"post-3490","1":"product","2":"type-product","3":"status-publish","4":"has-post-thumbnail","6":"product_cat-dia-de-la-madre","8":"first","9":"instock","10":"taxable","11":"shipping-taxable","12":"purchasable","13":"product-type-simple"},"_links":{"self":[{"href":"https:\/\/sueca13flores.com\/sv\/wp-json\/wp\/v2\/product\/3490","targetHints":{"allow":["GET"]}}],"collection":[{"href":"https:\/\/sueca13flores.com\/sv\/wp-json\/wp\/v2\/product"}],"about":[{"href":"https:\/\/sueca13flores.com\/sv\/wp-json\/wp\/v2\/types\/product"}],"replies":[{"embeddable":true,"href":"https:\/\/sueca13flores.com\/sv\/wp-json\/wp\/v2\/comments?post=3490"}],"wp:featuredmedia":[{"embeddable":true,"href":"https:\/\/sueca13flores.com\/sv\/wp-json\/wp\/v2\/media\/3491"}],"wp:attachment":[{"href":"https:\/\/sueca13flores.com\/sv\/wp-json\/wp\/v2\/media?parent=3490"}],"wp:term":[{"taxonomy":"product_brand","embeddable":true,"href":"https:\/\/sueca13flores.com\/sv\/wp-json\/wp\/v2\/product_brand?post=3490"},{"taxonomy":"product_cat","embeddable":true,"href":"https:\/\/sueca13flores.com\/sv\/wp-json\/wp\/v2\/product_cat?post=3490"},{"taxonomy":"product_tag","embeddable":true,"href":"https:\/\/sueca13flores.com\/sv\/wp-json\/wp\/v2\/product_tag?post=3490"}],"curies":[{"name":"wp","href":"https:\/\/api.w.org\/{rel}","templated":true}]}}