{"id":3607,"date":"2026-03-07T16:59:35","date_gmt":"2026-03-07T15:59:35","guid":{"rendered":"https:\/\/sueca13flores.com\/?post_type=product&#038;p=3607"},"modified":"2026-03-07T16:59:35","modified_gmt":"2026-03-07T15:59:35","slug":"knippe-torkad-naturlig-lavendel","status":"publish","type":"product","link":"https:\/\/sueca13flores.com\/sv\/produkt\/knippe-torkad-naturlig-lavendel\/","title":{"rendered":"Torkad naturlig lavendelbukett"},"content":{"rendered":"","protected":false},"excerpt":{"rendered":"<p>&nbsp;<\/p>\n<p>En vacker bukett med torkad naturlig lavendel som bevarar all doft av landsbygden och naturen. En enkel, lantlig och delikat detalj f\u00f6r att \u00f6verf\u00f6ra m\u00e5nga k\u00e4nslor i den enkla handlingen att ge blommor fr\u00e5n landsbygden.<\/p>\n<p>Du kan l\u00e4gga till en kort dedikation kostnadsfritt.<\/p>\n<p>F\u00e5r inte uts\u00e4ttas f\u00f6r solljus eller v\u00e4ta.<\/p>","protected":false},"featured_media":3609,"comment_status":"closed","ping_status":"closed","template":"","meta":[],"product_brand":[],"product_cat":[41,21],"product_tag":[],"class_list":{"0":"post-3607","1":"product","2":"type-product","3":"status-publish","4":"has-post-thumbnail","6":"product_cat-dia-de-la-mujer","7":"product_cat-flores-preservadas","9":"first","10":"instock","11":"taxable","12":"shipping-taxable","13":"purchasable","14":"product-type-simple"},"_links":{"self":[{"href":"https:\/\/sueca13flores.com\/sv\/wp-json\/wp\/v2\/product\/3607","targetHints":{"allow":["GET"]}}],"collection":[{"href":"https:\/\/sueca13flores.com\/sv\/wp-json\/wp\/v2\/product"}],"about":[{"href":"https:\/\/sueca13flores.com\/sv\/wp-json\/wp\/v2\/types\/product"}],"replies":[{"embeddable":true,"href":"https:\/\/sueca13flores.com\/sv\/wp-json\/wp\/v2\/comments?post=3607"}],"wp:featuredmedia":[{"embeddable":true,"href":"https:\/\/sueca13flores.com\/sv\/wp-json\/wp\/v2\/media\/3609"}],"wp:attachment":[{"href":"https:\/\/sueca13flores.com\/sv\/wp-json\/wp\/v2\/media?parent=3607"}],"wp:term":[{"taxonomy":"product_brand","embeddable":true,"href":"https:\/\/sueca13flores.com\/sv\/wp-json\/wp\/v2\/product_brand?post=3607"},{"taxonomy":"product_cat","embeddable":true,"href":"https:\/\/sueca13flores.com\/sv\/wp-json\/wp\/v2\/product_cat?post=3607"},{"taxonomy":"product_tag","embeddable":true,"href":"https:\/\/sueca13flores.com\/sv\/wp-json\/wp\/v2\/product_tag?post=3607"}],"curies":[{"name":"wp","href":"https:\/\/api.w.org\/{rel}","templated":true}]}}