{"id":3811,"date":"2026-04-26T10:26:52","date_gmt":"2026-04-26T08:26:52","guid":{"rendered":"https:\/\/sueca13flores.com\/?post_type=product&#038;p=3811"},"modified":"2026-04-26T10:26:52","modified_gmt":"2026-04-26T08:26:52","slug":"centrum-for-konserverade-blommor-la-rojeta","status":"publish","type":"product","link":"https:\/\/sueca13flores.com\/sv\/produkt\/centrum-for-konserverade-blommor-la-rojeta\/","title":{"rendered":"Bevarat blomstercenter La Rojeta"},"content":{"rendered":"","protected":false},"excerpt":{"rendered":"<p>&nbsp;<\/p>\n<p>Denna vackra mittpunkt av torkade och konserverade blommor kommer att f\u00e4ngsla dina \u00f6gon med sin explosion av f\u00e4rger och gl\u00e4dje. Den beh\u00f6ver inte vatten och kommer att h\u00e5lla sig vacker l\u00e4nge. Den levereras med en kraftp\u00e5se i exklusiv design.<\/p>\n<p>Du kan l\u00e4gga till en kort dedikation kostnadsfritt. .<\/p>\n<p>Uts\u00e4tt den inte f\u00f6r direkt solljus eller fukt, det garanterar att den h\u00e5ller i m\u00e5nga \u00e5r fram\u00f6ver.<\/p>\n<p>Ungef\u00e4rlig h\u00f6jd 40 cm<\/p>","protected":false},"featured_media":3814,"comment_status":"closed","ping_status":"closed","template":"","meta":[],"product_brand":[],"product_cat":[38,42,21],"product_tag":[],"class_list":{"0":"post-3811","1":"product","2":"type-product","3":"status-publish","4":"has-post-thumbnail","6":"product_cat-centros-y-cestas-de-flores","7":"product_cat-dia-de-la-madre","8":"product_cat-flores-preservadas","10":"first","11":"instock","12":"taxable","13":"shipping-taxable","14":"purchasable","15":"product-type-simple"},"_links":{"self":[{"href":"https:\/\/sueca13flores.com\/sv\/wp-json\/wp\/v2\/product\/3811","targetHints":{"allow":["GET"]}}],"collection":[{"href":"https:\/\/sueca13flores.com\/sv\/wp-json\/wp\/v2\/product"}],"about":[{"href":"https:\/\/sueca13flores.com\/sv\/wp-json\/wp\/v2\/types\/product"}],"replies":[{"embeddable":true,"href":"https:\/\/sueca13flores.com\/sv\/wp-json\/wp\/v2\/comments?post=3811"}],"wp:featuredmedia":[{"embeddable":true,"href":"https:\/\/sueca13flores.com\/sv\/wp-json\/wp\/v2\/media\/3814"}],"wp:attachment":[{"href":"https:\/\/sueca13flores.com\/sv\/wp-json\/wp\/v2\/media?parent=3811"}],"wp:term":[{"taxonomy":"product_brand","embeddable":true,"href":"https:\/\/sueca13flores.com\/sv\/wp-json\/wp\/v2\/product_brand?post=3811"},{"taxonomy":"product_cat","embeddable":true,"href":"https:\/\/sueca13flores.com\/sv\/wp-json\/wp\/v2\/product_cat?post=3811"},{"taxonomy":"product_tag","embeddable":true,"href":"https:\/\/sueca13flores.com\/sv\/wp-json\/wp\/v2\/product_tag?post=3811"}],"curies":[{"name":"wp","href":"https:\/\/api.w.org\/{rel}","templated":true}]}}