{"id":3817,"date":"2026-04-26T10:36:43","date_gmt":"2026-04-26T08:36:43","guid":{"rendered":"https:\/\/sueca13flores.com\/?post_type=product&#038;p=3817"},"modified":"2026-04-26T10:36:43","modified_gmt":"2026-04-26T08:36:43","slug":"fargade-calla-liljor-i-korg","status":"publish","type":"product","link":"https:\/\/sueca13flores.com\/sv\/produkt\/fargade-calla-liljor-i-korg\/","title":{"rendered":"F\u00e4rgade callaliljor i fl\u00e4tad korg"},"content":{"rendered":"","protected":false},"excerpt":{"rendered":"<p>&nbsp;<\/p>\n<p>Denna vackra naturliga inomhusv\u00e4xt med f\u00e4rgglada callaliljor levereras i en s\u00f6t kruka med rotting\u00f6verdrag.<\/p>\n<p>Dess f\u00e4rgglada blommor f\u00f6reb\u00e5dar v\u00e5ren och sk\u00e4nker gl\u00e4dje till huset.<\/p>\n<p>Blommornas f\u00e4rger kan variera beroende p\u00e5 tillg\u00e4nglighet.<\/p>\n<p>Du kan l\u00e4gga till en kort dedikation kostnadsfritt.<\/p>\n<p>H\u00f6jd ca 35 cm Krukstorlek 12 cm<\/p>","protected":false},"featured_media":3818,"comment_status":"closed","ping_status":"closed","template":"","meta":[],"product_brand":[],"product_cat":[42,22],"product_tag":[],"class_list":{"0":"post-3817","1":"product","2":"type-product","3":"status-publish","4":"has-post-thumbnail","6":"product_cat-dia-de-la-madre","7":"product_cat-plantas","9":"first","10":"instock","11":"taxable","12":"shipping-taxable","13":"purchasable","14":"product-type-simple"},"_links":{"self":[{"href":"https:\/\/sueca13flores.com\/sv\/wp-json\/wp\/v2\/product\/3817","targetHints":{"allow":["GET"]}}],"collection":[{"href":"https:\/\/sueca13flores.com\/sv\/wp-json\/wp\/v2\/product"}],"about":[{"href":"https:\/\/sueca13flores.com\/sv\/wp-json\/wp\/v2\/types\/product"}],"replies":[{"embeddable":true,"href":"https:\/\/sueca13flores.com\/sv\/wp-json\/wp\/v2\/comments?post=3817"}],"wp:featuredmedia":[{"embeddable":true,"href":"https:\/\/sueca13flores.com\/sv\/wp-json\/wp\/v2\/media\/3818"}],"wp:attachment":[{"href":"https:\/\/sueca13flores.com\/sv\/wp-json\/wp\/v2\/media?parent=3817"}],"wp:term":[{"taxonomy":"product_brand","embeddable":true,"href":"https:\/\/sueca13flores.com\/sv\/wp-json\/wp\/v2\/product_brand?post=3817"},{"taxonomy":"product_cat","embeddable":true,"href":"https:\/\/sueca13flores.com\/sv\/wp-json\/wp\/v2\/product_cat?post=3817"},{"taxonomy":"product_tag","embeddable":true,"href":"https:\/\/sueca13flores.com\/sv\/wp-json\/wp\/v2\/product_tag?post=3817"}],"curies":[{"name":"wp","href":"https:\/\/api.w.org\/{rel}","templated":true}]}}