{"id":3828,"date":"2026-04-26T11:08:10","date_gmt":"2026-04-26T09:08:10","guid":{"rendered":"https:\/\/sueca13flores.com\/?post_type=product&#038;p=3828"},"modified":"2026-04-26T11:08:10","modified_gmt":"2026-04-26T09:08:10","slug":"kalanchoe-i-nidkorg","status":"publish","type":"product","link":"https:\/\/sueca13flores.com\/sv\/produkt\/kalanchoe-i-nidkorg\/","title":{"rendered":"Kalanchoe i nidkorg"},"content":{"rendered":"","protected":false},"excerpt":{"rendered":"<p>&nbsp;<\/p>\n<p>Autentisk detalj av en f\u00e4rgstark Kalanchoe i en korg med handtag. En perfekt present till dig som \u00e4lskar l\u00e4ttsk\u00f6tta utomhusv\u00e4xter med explosiva blommor i livfulla f\u00e4rger.<\/p>\n<p>Levereras med en presentplockare f\u00f6r Mors dag.<\/p>\n<p>F\u00e4rgen p\u00e5 v\u00e4xten kan variera.<\/p>\n<p>Ungef\u00e4rlig h\u00f6jd 30 cm och 19 krukor.<\/p>\n<p>Du kan l\u00e4gga till en kort dedikation kostnadsfritt.<\/p>\n<p>&nbsp;<\/p>","protected":false},"featured_media":3831,"comment_status":"closed","ping_status":"closed","template":"","meta":[],"product_brand":[],"product_cat":[42,22],"product_tag":[],"class_list":{"0":"post-3828","1":"product","2":"type-product","3":"status-publish","4":"has-post-thumbnail","6":"product_cat-dia-de-la-madre","7":"product_cat-plantas","9":"first","10":"instock","11":"taxable","12":"shipping-taxable","13":"purchasable","14":"product-type-simple"},"_links":{"self":[{"href":"https:\/\/sueca13flores.com\/sv\/wp-json\/wp\/v2\/product\/3828","targetHints":{"allow":["GET"]}}],"collection":[{"href":"https:\/\/sueca13flores.com\/sv\/wp-json\/wp\/v2\/product"}],"about":[{"href":"https:\/\/sueca13flores.com\/sv\/wp-json\/wp\/v2\/types\/product"}],"replies":[{"embeddable":true,"href":"https:\/\/sueca13flores.com\/sv\/wp-json\/wp\/v2\/comments?post=3828"}],"wp:featuredmedia":[{"embeddable":true,"href":"https:\/\/sueca13flores.com\/sv\/wp-json\/wp\/v2\/media\/3831"}],"wp:attachment":[{"href":"https:\/\/sueca13flores.com\/sv\/wp-json\/wp\/v2\/media?parent=3828"}],"wp:term":[{"taxonomy":"product_brand","embeddable":true,"href":"https:\/\/sueca13flores.com\/sv\/wp-json\/wp\/v2\/product_brand?post=3828"},{"taxonomy":"product_cat","embeddable":true,"href":"https:\/\/sueca13flores.com\/sv\/wp-json\/wp\/v2\/product_cat?post=3828"},{"taxonomy":"product_tag","embeddable":true,"href":"https:\/\/sueca13flores.com\/sv\/wp-json\/wp\/v2\/product_tag?post=3828"}],"curies":[{"name":"wp","href":"https:\/\/api.w.org\/{rel}","templated":true}]}}