{"id":3845,"date":"2026-04-26T18:49:33","date_gmt":"2026-04-26T16:49:33","guid":{"rendered":"https:\/\/sueca13flores.com\/?post_type=product&#038;p=3845"},"modified":"2026-04-26T18:49:33","modified_gmt":"2026-04-26T16:49:33","slug":"hortensia-fucsia","status":"publish","type":"product","link":"https:\/\/sueca13flores.com\/sv\/produkt\/hortensia-fucsia\/","title":{"rendered":"Hortensia Fuchsia"},"content":{"rendered":"","protected":false},"excerpt":{"rendered":"<p>&nbsp;<\/p>\n<p>Ni palabras, ni tarjetas&#8230; este a\u00f1o d\u00edselo con una hortensia. Es cl\u00e1sica, es preciosa y tiene esa esencia de los jardines de toda la vida que tanto nos gusta. Un regalo con ra\u00edces para la persona que m\u00e1s te cuida. \u00a1Le va a encantar!<\/p>\n<p>Precisa riego abundante y nada de sol directo pero mucha luz.<\/p>\n<p>Si deseas a\u00f1adir una dedicatoria breve, no dudes en indicarlo en observaciones.<\/p>\n<p>Korg ing\u00e5r ej.<\/p>","protected":false},"featured_media":3846,"comment_status":"closed","ping_status":"closed","template":"","meta":[],"product_brand":[],"product_cat":[42,22],"product_tag":[],"class_list":{"0":"post-3845","1":"product","2":"type-product","3":"status-publish","4":"has-post-thumbnail","6":"product_cat-dia-de-la-madre","7":"product_cat-plantas","9":"first","10":"instock","11":"taxable","12":"shipping-taxable","13":"purchasable","14":"product-type-simple"},"_links":{"self":[{"href":"https:\/\/sueca13flores.com\/sv\/wp-json\/wp\/v2\/product\/3845","targetHints":{"allow":["GET"]}}],"collection":[{"href":"https:\/\/sueca13flores.com\/sv\/wp-json\/wp\/v2\/product"}],"about":[{"href":"https:\/\/sueca13flores.com\/sv\/wp-json\/wp\/v2\/types\/product"}],"replies":[{"embeddable":true,"href":"https:\/\/sueca13flores.com\/sv\/wp-json\/wp\/v2\/comments?post=3845"}],"wp:featuredmedia":[{"embeddable":true,"href":"https:\/\/sueca13flores.com\/sv\/wp-json\/wp\/v2\/media\/3846"}],"wp:attachment":[{"href":"https:\/\/sueca13flores.com\/sv\/wp-json\/wp\/v2\/media?parent=3845"}],"wp:term":[{"taxonomy":"product_brand","embeddable":true,"href":"https:\/\/sueca13flores.com\/sv\/wp-json\/wp\/v2\/product_brand?post=3845"},{"taxonomy":"product_cat","embeddable":true,"href":"https:\/\/sueca13flores.com\/sv\/wp-json\/wp\/v2\/product_cat?post=3845"},{"taxonomy":"product_tag","embeddable":true,"href":"https:\/\/sueca13flores.com\/sv\/wp-json\/wp\/v2\/product_tag?post=3845"}],"curies":[{"name":"wp","href":"https:\/\/api.w.org\/{rel}","templated":true}]}}