{"id":574,"date":"2023-06-03T19:06:47","date_gmt":"2023-06-03T17:06:47","guid":{"rendered":"https:\/\/sueca13flores.com\/?post_type=product&#038;p=574"},"modified":"2026-03-07T17:12:10","modified_gmt":"2026-03-07T16:12:10","slug":"silvestre","status":"publish","type":"product","link":"https:\/\/sueca13flores.com\/sv\/produkt\/silvestre\/","title":{"rendered":"Vild bukett"},"content":{"rendered":"","protected":false},"excerpt":{"rendered":"<p>&nbsp;<\/p>\n<p><span style=\"vertical-align: inherit;\"><span style=\"vertical-align: inherit;\"><span style=\"vertical-align: inherit;\">Uppt\u00e4ck v\u00e5ra magnifika buketter med f\u00e4rska blommor som du kan f\u00f6rvara utan vatten. Dessa blomsterarrangemang \u00e4r perfekta f\u00f6r att dekorera vilket utrymme som helst utan att oroa dig f\u00f6r deras v\u00e5rd. Med ett noga utvalt urval av f\u00e4rska blommor som h\u00e5ller l\u00e4nge beh\u00e5ller v\u00e5ra buketter sin sk\u00f6nhet under l\u00e5ng tid. Varje arrangemang har en kombination av livfulla f\u00e4rger och delikata nyanser, vilket ger en touch av elegans och gl\u00e4dje till alla tillf\u00e4llen. En perfekt g\u00e5va som kommer att h\u00e5lla l\u00e4nge, eftersom det inte kr\u00e4vs n\u00e5got vatten eller n\u00e5gon s\u00e4rskild sk\u00f6tsel.<\/span><\/span><\/span><\/p>\n<p><span style=\"vertical-align: inherit;\"><span style=\"vertical-align: inherit;\"><span style=\"vertical-align: inherit;\">Du kan l\u00e4gga till en kort beskrivning utan kostnad. Glasvasen ing\u00e5r inte, men du hittar den i v\u00e5r tillbeh\u00f6rssektion.<\/span><\/span><\/span><\/p>","protected":false},"featured_media":2786,"comment_status":"closed","ping_status":"closed","template":"","meta":[],"product_brand":[],"product_cat":[42,41,21,26],"product_tag":[],"class_list":{"0":"post-574","1":"product","2":"type-product","3":"status-publish","4":"has-post-thumbnail","6":"product_cat-dia-de-la-madre","7":"product_cat-dia-de-la-mujer","8":"product_cat-flores-preservadas","9":"product_cat-composiciones-de-flores-y-plantas","11":"first","12":"instock","13":"taxable","14":"shipping-taxable","15":"purchasable","16":"product-type-simple"},"_links":{"self":[{"href":"https:\/\/sueca13flores.com\/sv\/wp-json\/wp\/v2\/product\/574","targetHints":{"allow":["GET"]}}],"collection":[{"href":"https:\/\/sueca13flores.com\/sv\/wp-json\/wp\/v2\/product"}],"about":[{"href":"https:\/\/sueca13flores.com\/sv\/wp-json\/wp\/v2\/types\/product"}],"replies":[{"embeddable":true,"href":"https:\/\/sueca13flores.com\/sv\/wp-json\/wp\/v2\/comments?post=574"}],"wp:featuredmedia":[{"embeddable":true,"href":"https:\/\/sueca13flores.com\/sv\/wp-json\/wp\/v2\/media\/2786"}],"wp:attachment":[{"href":"https:\/\/sueca13flores.com\/sv\/wp-json\/wp\/v2\/media?parent=574"}],"wp:term":[{"taxonomy":"product_brand","embeddable":true,"href":"https:\/\/sueca13flores.com\/sv\/wp-json\/wp\/v2\/product_brand?post=574"},{"taxonomy":"product_cat","embeddable":true,"href":"https:\/\/sueca13flores.com\/sv\/wp-json\/wp\/v2\/product_cat?post=574"},{"taxonomy":"product_tag","embeddable":true,"href":"https:\/\/sueca13flores.com\/sv\/wp-json\/wp\/v2\/product_tag?post=574"}],"curies":[{"name":"wp","href":"https:\/\/api.w.org\/{rel}","templated":true}]}}