{"id":597,"date":"2023-06-04T17:16:36","date_gmt":"2023-06-04T15:16:36","guid":{"rendered":"https:\/\/sueca13flores.com\/?post_type=product&#038;p=597"},"modified":"2024-11-29T09:27:03","modified_gmt":"2024-11-29T08:27:03","slug":"floran-vas","status":"publish","type":"product","link":"https:\/\/sueca13flores.com\/sv\/produkt\/floran-vas\/","title":{"rendered":"Boss vas"},"content":{"rendered":"","protected":false},"excerpt":{"rendered":"<p>Original Boss glasvas, idealisk f\u00f6r blomsterarrangemang med korta och medelstora stj\u00e4lkar.<br \/>\nUngef\u00e4rliga m\u00e5tt 19,5 cm h\u00f6g och 14 cm i diameter.<br \/>\nDitt hem kommer att fyllas av f\u00e4rska blommor och charm.<\/p>\n<p>Det perfekta valet f\u00f6r att ge en touch av elegans och charm till alla utrymmen. Med sin robusta, transparenta design framh\u00e4ver denna vas blommornas naturliga sk\u00f6nhet och skapar f\u00e4ngslande blomsterarrangemang. Den stora storleken g\u00f6r den till ett m\u00e5ngsidigt val f\u00f6r alla h\u00f6rn i ditt hem eller p\u00e5 kontoret. Det h\u00f6gkvalitativa glaset ger enast\u00e5ende klarhet och den stabila basen ger en s\u00e4ker position f\u00f6r dina favoritblommor. Uppt\u00e4ck hur den h\u00e4r glasvasen kan framh\u00e4va dina blommors sk\u00f6nhet och samtidigt komplettera inredningen i din milj\u00f6.<\/p>","protected":false},"featured_media":1131,"comment_status":"open","ping_status":"closed","template":"","meta":[],"product_brand":[],"product_cat":[23],"product_tag":[],"class_list":{"0":"post-597","1":"product","2":"type-product","3":"status-publish","4":"has-post-thumbnail","6":"product_cat-complementos","8":"first","9":"instock","10":"taxable","11":"shipping-taxable","12":"purchasable","13":"product-type-simple"},"_links":{"self":[{"href":"https:\/\/sueca13flores.com\/sv\/wp-json\/wp\/v2\/product\/597","targetHints":{"allow":["GET"]}}],"collection":[{"href":"https:\/\/sueca13flores.com\/sv\/wp-json\/wp\/v2\/product"}],"about":[{"href":"https:\/\/sueca13flores.com\/sv\/wp-json\/wp\/v2\/types\/product"}],"replies":[{"embeddable":true,"href":"https:\/\/sueca13flores.com\/sv\/wp-json\/wp\/v2\/comments?post=597"}],"wp:featuredmedia":[{"embeddable":true,"href":"https:\/\/sueca13flores.com\/sv\/wp-json\/wp\/v2\/media\/1131"}],"wp:attachment":[{"href":"https:\/\/sueca13flores.com\/sv\/wp-json\/wp\/v2\/media?parent=597"}],"wp:term":[{"taxonomy":"product_brand","embeddable":true,"href":"https:\/\/sueca13flores.com\/sv\/wp-json\/wp\/v2\/product_brand?post=597"},{"taxonomy":"product_cat","embeddable":true,"href":"https:\/\/sueca13flores.com\/sv\/wp-json\/wp\/v2\/product_cat?post=597"},{"taxonomy":"product_tag","embeddable":true,"href":"https:\/\/sueca13flores.com\/sv\/wp-json\/wp\/v2\/product_tag?post=597"}],"curies":[{"name":"wp","href":"https:\/\/api.w.org\/{rel}","templated":true}]}}