{"id":612,"date":"2023-06-04T20:29:46","date_gmt":"2023-06-04T18:29:46","guid":{"rendered":"https:\/\/sueca13flores.com\/?post_type=product&#038;p=612"},"modified":"2025-05-21T19:09:39","modified_gmt":"2025-05-21T17:09:39","slug":"centrum-provence","status":"publish","type":"product","link":"https:\/\/sueca13flores.com\/sv\/produkt\/centrum-provence\/","title":{"rendered":"Provence Centre"},"content":{"rendered":"","protected":false},"excerpt":{"rendered":"<p><span style=\"vertical-align: inherit;\"><span style=\"vertical-align: inherit;\"><span style=\"vertical-align: inherit;\"><span style=\"vertical-align: inherit;\">Natur och charm i en fl\u00e4tad korg.<\/span><\/span><\/span><\/span><\/p>\n<p><span style=\"vertical-align: inherit;\"><span style=\"vertical-align: inherit;\"><span style=\"vertical-align: inherit;\"><span style=\"vertical-align: inherit;\">Ta med dig sk\u00f6nheten och charmen hos en korg med f\u00e4rska blommor in i ditt hem med v\u00e5r uts\u00f6kta Provence Centre.<\/span><\/span><\/span><\/span><\/p>\n<p><span style=\"vertical-align: inherit;\"><span style=\"vertical-align: inherit;\"><span style=\"vertical-align: inherit;\"><span style=\"vertical-align: inherit;\">Detta f\u00e4ngslande blomsterarrangemang kombinerar rustikt och elegant och skapar en fantastisk fokuspunkt som kommer att lysa upp alla utrymmen med sin fr\u00e4sch\u00f6r och rofylldhet.<\/span><\/span><\/span><\/span><\/p>\n<p><span style=\"vertical-align: inherit;\"><span style=\"vertical-align: inherit;\"><span style=\"vertical-align: inherit;\"><span style=\"vertical-align: inherit;\">V\u00e5rt Provence Centre \u00e4r en harmonisk kombination av noggrant utvalda, delikata vilda blommor som fl\u00e4tas samman med frodiga gr\u00f6na bladverk som limonium, eukalyptus, ormbunkar och mastix, vilket skapar en visuellt f\u00e4ngslande symfoni. Fr\u00e5n eleganta pr\u00e4stkragar till f\u00e4rgglada astromelior och f\u00f6rtrollande nejlikor, varje element kombineras f\u00f6r att skapa en explosion av mjuka f\u00e4rger och texturer som framkallar sj\u00e4lva essensen av naturen.<\/span><\/span><\/span><\/span><\/p>\n<p><span style=\"vertical-align: inherit;\"><span style=\"vertical-align: inherit;\"><span style=\"vertical-align: inherit;\"><span style=\"vertical-align: inherit;\">Denna blommiga mittpunkt presenteras i en naturlig korg av rotting och ger en touch av rustik charm och v\u00e4rme till alla milj\u00f6er.<\/span><\/span><\/span><\/span><\/p>\n<p><span style=\"vertical-align: inherit;\"><span style=\"vertical-align: inherit;\"><span style=\"vertical-align: inherit;\"><span style=\"vertical-align: inherit;\">En g\u00e5va som kommer att ge en k\u00e4nsla av lugn och ro i mottagarens rum. Blommor och bladverk avger subtila och behagliga dofter som fyller luften med en avkopplande och vitaliserande atmosf\u00e4r. Dessutom har blommor f\u00f6rm\u00e5gan att lysa upp st\u00e4mningen och ge en touch av gl\u00e4dje i alla milj\u00f6er.<\/span><\/span><\/span><\/span><\/p>\n<p><span style=\"vertical-align: inherit;\"><span style=\"vertical-align: inherit;\"><span style=\"vertical-align: inherit;\"><span style=\"vertical-align: inherit;\">I v\u00e5r onlinebutik erbjuder vi unika och passionerat utformade blomsterarrangemang av v\u00e5ra expertflorister. Vi v\u00e4ljer blommor fr\u00e5n lokala och s\u00e4songsbetonade producenter n\u00e4r vi kan.<\/span><\/span><\/span><\/span><\/p>\n<p><span style=\"vertical-align: inherit;\"><span style=\"vertical-align: inherit;\"><span style=\"vertical-align: inherit;\"><span style=\"vertical-align: inherit;\">Varje arrangemang \u00e4r ett unikt blomsterkonstverk, omsorgsfullt utformat f\u00f6r att f\u00f6rmedla naturens sk\u00f6nhet och charm i sin renaste form.<\/span><\/span><\/span><\/span><\/p>\n<p><span style=\"vertical-align: inherit;\"><span style=\"vertical-align: inherit;\"><span style=\"vertical-align: inherit;\"><span style=\"vertical-align: inherit;\">Du kan l\u00e4gga till en kort dedikation kostnadsfritt.<\/span><\/span><\/span><\/span><\/p>\n<p>&nbsp;<\/p>","protected":false},"featured_media":613,"comment_status":"closed","ping_status":"closed","template":"","meta":[],"product_brand":[],"product_cat":[38],"product_tag":[],"class_list":{"0":"post-612","1":"product","2":"type-product","3":"status-publish","4":"has-post-thumbnail","6":"product_cat-centros-y-cestas-de-flores","8":"first","9":"instock","10":"taxable","11":"shipping-taxable","12":"purchasable","13":"product-type-simple"},"_links":{"self":[{"href":"https:\/\/sueca13flores.com\/sv\/wp-json\/wp\/v2\/product\/612","targetHints":{"allow":["GET"]}}],"collection":[{"href":"https:\/\/sueca13flores.com\/sv\/wp-json\/wp\/v2\/product"}],"about":[{"href":"https:\/\/sueca13flores.com\/sv\/wp-json\/wp\/v2\/types\/product"}],"replies":[{"embeddable":true,"href":"https:\/\/sueca13flores.com\/sv\/wp-json\/wp\/v2\/comments?post=612"}],"wp:featuredmedia":[{"embeddable":true,"href":"https:\/\/sueca13flores.com\/sv\/wp-json\/wp\/v2\/media\/613"}],"wp:attachment":[{"href":"https:\/\/sueca13flores.com\/sv\/wp-json\/wp\/v2\/media?parent=612"}],"wp:term":[{"taxonomy":"product_brand","embeddable":true,"href":"https:\/\/sueca13flores.com\/sv\/wp-json\/wp\/v2\/product_brand?post=612"},{"taxonomy":"product_cat","embeddable":true,"href":"https:\/\/sueca13flores.com\/sv\/wp-json\/wp\/v2\/product_cat?post=612"},{"taxonomy":"product_tag","embeddable":true,"href":"https:\/\/sueca13flores.com\/sv\/wp-json\/wp\/v2\/product_tag?post=612"}],"curies":[{"name":"wp","href":"https:\/\/api.w.org\/{rel}","templated":true}]}}