{"id":614,"date":"2023-06-04T20:48:05","date_gmt":"2023-06-04T18:48:05","guid":{"rendered":"https:\/\/sueca13flores.com\/?post_type=product&#038;p=614"},"modified":"2025-05-21T19:09:39","modified_gmt":"2025-05-21T17:09:39","slug":"den-vackraste-korgen","status":"publish","type":"product","link":"https:\/\/sueca13flores.com\/sv\/produkt\/den-vackraste-korgen\/","title":{"rendered":"La M\u00e1s Bonita-korg"},"content":{"rendered":"","protected":false},"excerpt":{"rendered":"<p><span style=\"vertical-align: inherit;\"><span style=\"vertical-align: inherit;\">Vakna upp varje dag med solens energi och gl\u00e4dje med v\u00e5r vackra korg med solrosor och gerbera.<\/span><\/span><\/p>\n<p><span style=\"vertical-align: inherit;\"><span style=\"vertical-align: inherit;\">Detta f\u00e4ngslande blomsterarrangemang kombinerar solrosornas str\u00e5lande sk\u00f6nhet med gerberans livfulla delikatess och skapar ett visuellt sk\u00e5despel som kommer att fylla ditt hem med vitalitet och charm.<\/span><\/span><\/p>\n<p><span style=\"vertical-align: inherit;\"><span style=\"vertical-align: inherit;\">Den vackraste korgen har utformats med omsorg och passion f\u00f6r att f\u00e5nga essensen av en solig \u00e4ng full av liv. <\/span><span style=\"vertical-align: inherit;\">Solrosor, med sina ljusgula kronblad som efterliknar solens str\u00e5lar, \u00e4r de obestridda stj\u00e4rnorna i detta centrum och utstr\u00e5lar gl\u00e4dje och positivitet i varje h\u00f6rn. <\/span><span style=\"vertical-align: inherit;\">Gerberor med sina livfulla f\u00e4rger och mjuka, sammetslena kronblad kompletterar solrosornas str\u00e5lande n\u00e4rvaro p\u00e5 ett perfekt s\u00e4tt och ger arrangemanget en dimension av mjukhet och delikatess.<\/span><\/span><\/p>\n<p><span style=\"vertical-align: inherit;\"><span style=\"vertical-align: inherit;\">Den presenteras i en handgjord fl\u00e4tad korg som ger textur och ett naturligt utseende, vilket framh\u00e4ver blommornas sk\u00f6nhet och skapar en visuellt tilltalande kontrast. <\/span><span style=\"vertical-align: inherit;\">Dessutom ger korgarna en solid och stabil bas f\u00f6r blommorna, vilket s\u00e4kerst\u00e4ller att mitten h\u00e5ller sig p\u00e5 plats och f\u00f6rblir fr\u00e4sch och levande.<\/span><\/span><\/p>\n<p><span style=\"vertical-align: inherit;\"><span style=\"vertical-align: inherit;\">Solrosor, symboler f\u00f6r lycka och vitalitet, kommer att lysa upp ditt utrymme och ge en solig touch till ditt vardagsliv. <\/span><span style=\"vertical-align: inherit;\">Gerberor med sina m\u00e5nga olika f\u00e4rger representerar gl\u00e4dje och m\u00e5ngfald och fyller atmosf\u00e4ren med en k\u00e4nsla av friskhet och vitalitet.<\/span><\/span><\/p>\n<p><span style=\"vertical-align: inherit;\"><span style=\"vertical-align: inherit;\">Varje blomsterarrangemang \u00e4r ett uttryck f\u00f6r naturlig sk\u00f6nhet och \u00e4r handgjort f\u00f6r att gl\u00e4dja dina sinnen och fylla ditt hem med liv. <\/span><span style=\"vertical-align: inherit;\">V\u00e5ra blommor kommer oftast fr\u00e5n lokala producenter, liksom det gr\u00f6na som f\u00f6ljer med dem. <\/span><span style=\"vertical-align: inherit;\">Vi f\u00f6rs\u00f6ker ocks\u00e5 anv\u00e4nda s\u00e4songsbetonade blommor f\u00f6r att garantera extra kvalitet.<\/span><\/span><\/p>\n<p><span style=\"vertical-align: inherit;\"><span style=\"vertical-align: inherit;\">Du kan l\u00e4gga till en kort dedikation kostnadsfritt.<\/span><\/span><\/p>\n<p>&nbsp;<\/p>","protected":false},"featured_media":591,"comment_status":"closed","ping_status":"closed","template":"","meta":[],"product_brand":[],"product_cat":[38],"product_tag":[],"class_list":{"0":"post-614","1":"product","2":"type-product","3":"status-publish","4":"has-post-thumbnail","6":"product_cat-centros-y-cestas-de-flores","8":"first","9":"instock","10":"taxable","11":"shipping-taxable","12":"purchasable","13":"product-type-simple"},"_links":{"self":[{"href":"https:\/\/sueca13flores.com\/sv\/wp-json\/wp\/v2\/product\/614","targetHints":{"allow":["GET"]}}],"collection":[{"href":"https:\/\/sueca13flores.com\/sv\/wp-json\/wp\/v2\/product"}],"about":[{"href":"https:\/\/sueca13flores.com\/sv\/wp-json\/wp\/v2\/types\/product"}],"replies":[{"embeddable":true,"href":"https:\/\/sueca13flores.com\/sv\/wp-json\/wp\/v2\/comments?post=614"}],"wp:featuredmedia":[{"embeddable":true,"href":"https:\/\/sueca13flores.com\/sv\/wp-json\/wp\/v2\/media\/591"}],"wp:attachment":[{"href":"https:\/\/sueca13flores.com\/sv\/wp-json\/wp\/v2\/media?parent=614"}],"wp:term":[{"taxonomy":"product_brand","embeddable":true,"href":"https:\/\/sueca13flores.com\/sv\/wp-json\/wp\/v2\/product_brand?post=614"},{"taxonomy":"product_cat","embeddable":true,"href":"https:\/\/sueca13flores.com\/sv\/wp-json\/wp\/v2\/product_cat?post=614"},{"taxonomy":"product_tag","embeddable":true,"href":"https:\/\/sueca13flores.com\/sv\/wp-json\/wp\/v2\/product_tag?post=614"}],"curies":[{"name":"wp","href":"https:\/\/api.w.org\/{rel}","templated":true}]}}