{"id":615,"date":"2023-06-04T21:00:26","date_gmt":"2023-06-04T19:00:26","guid":{"rendered":"https:\/\/sueca13flores.com\/?post_type=product&#038;p=615"},"modified":"2025-06-24T08:29:32","modified_gmt":"2025-06-24T06:29:32","slug":"belle-rosor","status":"publish","type":"product","link":"https:\/\/sueca13flores.com\/sv\/produkt\/belle-rosor\/","title":{"rendered":"Belle Rosor"},"content":{"rendered":"","protected":false},"excerpt":{"rendered":"<p>&nbsp;<\/p>\n<p><span style=\"vertical-align: inherit;\"><span style=\"vertical-align: inherit;\"><span style=\"vertical-align: inherit;\"><span style=\"vertical-align: inherit;\"><span style=\"vertical-align: inherit;\"><span style=\"vertical-align: inherit;\">En vacker g\u00e5va f\u00f6r att fira k\u00e4rlek och elegans.<\/span><\/span><\/span><\/span><\/span><\/span><\/p>\n<p><span style=\"vertical-align: inherit;\"><span style=\"vertical-align: inherit;\"><span style=\"vertical-align: inherit;\"><span style=\"vertical-align: inherit;\"><span style=\"vertical-align: inherit;\"><span style=\"vertical-align: inherit;\">Belle Roses Basket \u00e4r en romantisk och s\u00f6t promenad som kombinerar rosornas eteriska sk\u00f6nhet med v\u00e4rmen och \u00e4ktheten hos en fl\u00e4tad korg, gr\u00f6na v\u00e4xter som eukalyptus, ormbunkar, mastix och en touch av paniculata eller vit limonium, som tillsammans skapar en charmig g\u00e5va som f\u00f6rmedlar k\u00e4rlek och elegans i varje kronblad.<\/span><\/span><\/span><\/span><\/span><\/span><\/p>\n<p><span style=\"vertical-align: inherit;\"><span style=\"vertical-align: inherit;\"><span style=\"vertical-align: inherit;\"><span style=\"vertical-align: inherit;\"><span style=\"vertical-align: inherit;\"><span style=\"vertical-align: inherit;\">Rosa rosor, den klassiska symbolen f\u00f6r k\u00e4rlek och s\u00f6tma, har f\u00e4ngslat m\u00e4nniskors hj\u00e4rtan genom \u00e5rhundradena. <\/span><\/span><\/span><\/span><\/span><span style=\"vertical-align: inherit;\"><span style=\"vertical-align: inherit;\"><span style=\"vertical-align: inherit;\"><span style=\"vertical-align: inherit;\"><span style=\"vertical-align: inherit;\">Varje ros, med sina mjuka och skira kronblad, ber\u00e4ttar en unik och meningsfull k\u00e4rlekshistoria. <\/span><\/span><\/span><\/span><\/span><span style=\"vertical-align: inherit;\"><span style=\"vertical-align: inherit;\"><span style=\"vertical-align: inherit;\"><span style=\"vertical-align: inherit;\"><span style=\"vertical-align: inherit;\">I denna korg presenteras rosor i all sin prakt och bildar ett visuellt bl\u00e4ndande sk\u00e5despel som inte kommer att g\u00e5 obem\u00e4rkt f\u00f6rbi.<\/span><\/span><\/span><\/span><\/span><\/span><\/p>\n<p><span style=\"vertical-align: inherit;\"><span style=\"vertical-align: inherit;\"><span style=\"vertical-align: inherit;\"><span style=\"vertical-align: inherit;\"><span style=\"vertical-align: inherit;\"><span style=\"vertical-align: inherit;\">Korgarna \u00e4r handv\u00e4vda med skickligt hantverk och ger en touch av autenticitet och rustikitet till denna romantiska g\u00e5va. <\/span><\/span><\/span><\/span><\/span><span style=\"vertical-align: inherit;\"><span style=\"vertical-align: inherit;\"><span style=\"vertical-align: inherit;\"><span style=\"vertical-align: inherit;\"><span style=\"vertical-align: inherit;\">Korgen ger en solid och stabil bas f\u00f6r rosorna, s\u00e5 att de h\u00e5ller sig fr\u00e4scha och p\u00e5 plats under transport och exponering. <\/span><\/span><\/span><\/span><\/span><span style=\"vertical-align: inherit;\"><span style=\"vertical-align: inherit;\"><span style=\"vertical-align: inherit;\"><span style=\"vertical-align: inherit;\"><span style=\"vertical-align: inherit;\">Dessutom skapar korgens naturliga textur en visuellt tilltalande kontrast till rosornas mjukhet och elegans, vilket ger en touch av rustik charm till presentationen.<\/span><\/span><\/span><\/span><\/span><\/span><\/p>\n<p><span style=\"vertical-align: inherit;\"><span style=\"vertical-align: inherit;\"><span style=\"vertical-align: inherit;\"><span style=\"vertical-align: inherit;\"><span style=\"vertical-align: inherit;\"><span style=\"vertical-align: inherit;\">Rosa rosor f\u00f6rmedlar k\u00e4nslor av tillgivenhet, tacksamhet och beundran, vilket g\u00f6r denna korg till den perfekta g\u00e5van f\u00f6r att fira speciella tillf\u00e4llen som \u00e5rsdagar, f\u00f6delsedagar eller romantiska stunder. <\/span><\/span><\/span><\/span><\/span><span style=\"vertical-align: inherit;\"><span style=\"vertical-align: inherit;\"><span style=\"vertical-align: inherit;\"><span style=\"vertical-align: inherit;\"><span style=\"vertical-align: inherit;\">Varje ros ber\u00e4ttar en unik och meningsfull k\u00e4rlekshistoria, vilket g\u00f6r denna g\u00e5va till ett perfekt uttryck f\u00f6r dina djupaste k\u00e4nslor.<\/span><\/span><\/span><\/span><\/span><\/span><\/p>\n<p><span style=\"vertical-align: inherit;\"><span style=\"vertical-align: inherit;\"><span style=\"vertical-align: inherit;\"><span style=\"vertical-align: inherit;\"><span style=\"vertical-align: inherit;\"><span style=\"vertical-align: inherit;\">Varje Belle Roses-korg \u00e4r ett unikt blomsterkonstverk, utformat f\u00f6r att f\u00f6rmedla k\u00e4rlekens sk\u00f6nhet och renhet i sin mest eleganta form.<\/span><\/span><\/span><\/span><\/span><\/span><\/p>\n<p><span style=\"vertical-align: inherit;\"><span style=\"vertical-align: inherit;\"><span style=\"vertical-align: inherit;\"><span style=\"vertical-align: inherit;\"><span style=\"vertical-align: inherit;\"><span style=\"vertical-align: inherit;\">Du kan l\u00e4gga till en kort dedikation kostnadsfritt.<\/span><\/span><\/span><\/span><\/span><\/span><\/p>","protected":false},"featured_media":617,"comment_status":"open","ping_status":"closed","template":"","meta":[],"product_brand":[],"product_cat":[38,40],"product_tag":[],"class_list":{"0":"post-615","1":"product","2":"type-product","3":"status-publish","4":"has-post-thumbnail","6":"product_cat-centros-y-cestas-de-flores","7":"product_cat-san-valentin","9":"first","10":"instock","11":"taxable","12":"shipping-taxable","13":"purchasable","14":"product-type-simple"},"_links":{"self":[{"href":"https:\/\/sueca13flores.com\/sv\/wp-json\/wp\/v2\/product\/615","targetHints":{"allow":["GET"]}}],"collection":[{"href":"https:\/\/sueca13flores.com\/sv\/wp-json\/wp\/v2\/product"}],"about":[{"href":"https:\/\/sueca13flores.com\/sv\/wp-json\/wp\/v2\/types\/product"}],"replies":[{"embeddable":true,"href":"https:\/\/sueca13flores.com\/sv\/wp-json\/wp\/v2\/comments?post=615"}],"wp:featuredmedia":[{"embeddable":true,"href":"https:\/\/sueca13flores.com\/sv\/wp-json\/wp\/v2\/media\/617"}],"wp:attachment":[{"href":"https:\/\/sueca13flores.com\/sv\/wp-json\/wp\/v2\/media?parent=615"}],"wp:term":[{"taxonomy":"product_brand","embeddable":true,"href":"https:\/\/sueca13flores.com\/sv\/wp-json\/wp\/v2\/product_brand?post=615"},{"taxonomy":"product_cat","embeddable":true,"href":"https:\/\/sueca13flores.com\/sv\/wp-json\/wp\/v2\/product_cat?post=615"},{"taxonomy":"product_tag","embeddable":true,"href":"https:\/\/sueca13flores.com\/sv\/wp-json\/wp\/v2\/product_tag?post=615"}],"curies":[{"name":"wp","href":"https:\/\/api.w.org\/{rel}","templated":true}]}}