{"id":620,"date":"2023-06-04T22:44:20","date_gmt":"2023-06-04T20:44:20","guid":{"rendered":"https:\/\/sueca13flores.com\/?post_type=product&#038;p=620"},"modified":"2025-06-24T08:29:32","modified_gmt":"2025-06-24T06:29:32","slug":"konserverad-regnbagsring","status":"publish","type":"product","link":"https:\/\/sueca13flores.com\/sv\/produkt\/konserverad-regnbagsring\/","title":{"rendered":"Bevarad Rainbow Hoop"},"content":{"rendered":"","protected":false},"excerpt":{"rendered":"<p>&nbsp;<\/p>\n<p>Uppt\u00e4ck den tidl\u00f6sa sk\u00f6nheten hos paniculata med v\u00e5r charmiga Preserved Coloured Paniculata Ring. Denna f\u00e4ngslande blomsterprydnad kombinerar den naturliga elegansen hos paniculata med h\u00e5llbarheten hos konserverade blommor, vilket skapar ett unikt och charmigt dekorativt element som kommer att ge en touch av stil till alla utrymmen.<\/p>\n<p>V\u00e5r bevarade f\u00e4rgade Paniculata-ring \u00e4r en hyllning till naturens k\u00e4nslighet och sk\u00f6nhet. Varje paniculata-stj\u00e4lk har noggrant valts ut och bevarats s\u00e5 att dess ursprungliga form och f\u00e4rger bibeh\u00e5lls. De dj\u00e4rva, livfulla f\u00e4rgerna ger ringen en dimension av charm och sofistikering.<\/p>\n<p>Denna blommiga prydnad presenteras i form av en b\u00e5ge, vilket ger den ett modernt och elegant utseende. B\u00e5gen, som \u00e4r tillverkad av kvalitetsmaterial, ger en solid och stabil bas f\u00f6r paniculata, vilket s\u00e4kerst\u00e4ller att prydnaden f\u00f6rblir i perfekt skick och redo att dekorera alla utrymmen.<\/p>\n<p>Som konserverade blommor erbjuder de f\u00f6rdelen att de \u00e4r l\u00e5ngvariga och bibeh\u00e5ller sin sk\u00f6nhet \u00f6ver tiden. Konserverade blommor kr\u00e4ver ingen s\u00e4rskild sk\u00f6tsel och kommer att beh\u00e5lla sitt fr\u00e4scha och levande utseende under l\u00e5ng tid, s\u00e5 att du kan njuta av deras blommiga charm utan oro. Undvik att uts\u00e4ttas f\u00f6r solljus och undvik kontakt med vatten.<\/p>\n<p>Varje ring \u00e4r unik och designad f\u00f6r att f\u00f6rmedla tidl\u00f6s sk\u00f6nhet och naturens anda i dess sannaste form.<\/p>\n<p>Kontakta oss g\u00e4rna f\u00f6r andra nyanser.<\/p>\n<p>M\u00f6jlighet att l\u00e4gga till en kort dedikation utan kostnad.<\/p>","protected":false},"featured_media":621,"comment_status":"open","ping_status":"closed","template":"","meta":[],"product_brand":[],"product_cat":[21],"product_tag":[],"class_list":{"0":"post-620","1":"product","2":"type-product","3":"status-publish","4":"has-post-thumbnail","6":"product_cat-flores-preservadas","8":"first","9":"onbackorder","10":"taxable","11":"shipping-taxable","12":"purchasable","13":"product-type-simple"},"_links":{"self":[{"href":"https:\/\/sueca13flores.com\/sv\/wp-json\/wp\/v2\/product\/620","targetHints":{"allow":["GET"]}}],"collection":[{"href":"https:\/\/sueca13flores.com\/sv\/wp-json\/wp\/v2\/product"}],"about":[{"href":"https:\/\/sueca13flores.com\/sv\/wp-json\/wp\/v2\/types\/product"}],"replies":[{"embeddable":true,"href":"https:\/\/sueca13flores.com\/sv\/wp-json\/wp\/v2\/comments?post=620"}],"wp:featuredmedia":[{"embeddable":true,"href":"https:\/\/sueca13flores.com\/sv\/wp-json\/wp\/v2\/media\/621"}],"wp:attachment":[{"href":"https:\/\/sueca13flores.com\/sv\/wp-json\/wp\/v2\/media?parent=620"}],"wp:term":[{"taxonomy":"product_brand","embeddable":true,"href":"https:\/\/sueca13flores.com\/sv\/wp-json\/wp\/v2\/product_brand?post=620"},{"taxonomy":"product_cat","embeddable":true,"href":"https:\/\/sueca13flores.com\/sv\/wp-json\/wp\/v2\/product_cat?post=620"},{"taxonomy":"product_tag","embeddable":true,"href":"https:\/\/sueca13flores.com\/sv\/wp-json\/wp\/v2\/product_tag?post=620"}],"curies":[{"name":"wp","href":"https:\/\/api.w.org\/{rel}","templated":true}]}}