{"id":627,"date":"2023-07-25T18:38:42","date_gmt":"2023-07-25T16:38:42","guid":{"rendered":"https:\/\/sueca13flores.com\/?post_type=product&#038;p=627"},"modified":"2024-05-03T00:06:15","modified_gmt":"2024-05-02T22:06:15","slug":"brev-a-med-konserverade-blommor","status":"publish","type":"product","link":"https:\/\/sueca13flores.com\/sv\/produkt\/brev-a-med-konserverade-blommor\/","title":{"rendered":"Bokstav A f\u00f6r konserverade blommor"},"content":{"rendered":"","protected":false},"excerpt":{"rendered":"<p><span style=\"vertical-align: inherit;\"><span style=\"vertical-align: inherit;\">Varje initial \u00e4r ett unikt, handgjort blomsterkonstverk som kombinerar naturlig sk\u00f6nhet med h\u00e5llbarheten hos konserverade blommor som hortensia, risblomma, phalaris och eukalyptus. <\/span><span style=\"vertical-align: inherit;\">Den \u00e4r tillverkad p\u00e5 en tr\u00e4bas.<\/span><\/span><\/p>\n<p><span style=\"vertical-align: inherit;\"><span style=\"vertical-align: inherit;\">F\u00f6r att beh\u00e5lla sk\u00f6nheten i din Preserved Flowers Initial A, placera den helt enkelt inomhus, torrt och inte i direkt solljus. <\/span><span style=\"vertical-align: inherit;\">Undvik exponering f\u00f6r fukt, vilket s\u00e4kerst\u00e4ller att de konserverade blommorna f\u00f6rblir intakta \u00f6ver tiden.<\/span><\/span><\/p>\n<p><span style=\"vertical-align: inherit;\"><span style=\"vertical-align: inherit;\">En present med konserverade blommor som kommer att gl\u00e4dja mottagaren.<\/span><\/span><\/p>\n<p><span style=\"vertical-align: inherit;\"><span style=\"vertical-align: inherit;\">Om du vill ha andra f\u00e4rger eller konserverade blommor, liksom en annan initial bokstav eller siffra, v\u00e4nligen kontakta oss.<\/span><\/span><\/p>\n<p><span style=\"vertical-align: inherit;\"><span style=\"vertical-align: inherit;\">Du kan l\u00e4gga till en kort dedikation kostnadsfritt.<\/span><\/span><\/p>","protected":false},"featured_media":1134,"comment_status":"open","ping_status":"closed","template":"","meta":[],"product_brand":[],"product_cat":[21],"product_tag":[],"class_list":{"0":"post-627","1":"product","2":"type-product","3":"status-publish","4":"has-post-thumbnail","6":"product_cat-flores-preservadas","8":"first","9":"instock","10":"taxable","11":"shipping-taxable","12":"purchasable","13":"product-type-simple"},"_links":{"self":[{"href":"https:\/\/sueca13flores.com\/sv\/wp-json\/wp\/v2\/product\/627","targetHints":{"allow":["GET"]}}],"collection":[{"href":"https:\/\/sueca13flores.com\/sv\/wp-json\/wp\/v2\/product"}],"about":[{"href":"https:\/\/sueca13flores.com\/sv\/wp-json\/wp\/v2\/types\/product"}],"replies":[{"embeddable":true,"href":"https:\/\/sueca13flores.com\/sv\/wp-json\/wp\/v2\/comments?post=627"}],"wp:featuredmedia":[{"embeddable":true,"href":"https:\/\/sueca13flores.com\/sv\/wp-json\/wp\/v2\/media\/1134"}],"wp:attachment":[{"href":"https:\/\/sueca13flores.com\/sv\/wp-json\/wp\/v2\/media?parent=627"}],"wp:term":[{"taxonomy":"product_brand","embeddable":true,"href":"https:\/\/sueca13flores.com\/sv\/wp-json\/wp\/v2\/product_brand?post=627"},{"taxonomy":"product_cat","embeddable":true,"href":"https:\/\/sueca13flores.com\/sv\/wp-json\/wp\/v2\/product_cat?post=627"},{"taxonomy":"product_tag","embeddable":true,"href":"https:\/\/sueca13flores.com\/sv\/wp-json\/wp\/v2\/product_tag?post=627"}],"curies":[{"name":"wp","href":"https:\/\/api.w.org\/{rel}","templated":true}]}}