{"id":786,"date":"2023-07-26T11:27:19","date_gmt":"2023-07-26T09:27:19","guid":{"rendered":"https:\/\/sueca13flores.com\/?post_type=product&#038;p=786"},"modified":"2025-07-02T06:51:18","modified_gmt":"2025-07-02T04:51:18","slug":"presentkort-40","status":"publish","type":"product","link":"https:\/\/sueca13flores.com\/sv\/produkt\/presentkort-40\/","title":{"rendered":"Presentkort 40"},"content":{"rendered":"","protected":false},"excerpt":{"rendered":"<p>Har du sv\u00e5rt att best\u00e4mma dig mellan att ge bort en v\u00e4xt eller n\u00e5gra vackra blommor? Oroa dig inte l\u00e4ngre! V\u00e5rt exklusiva presentkort \u00e4r det perfekta alternativet f\u00f6r att \u00f6verraska dina n\u00e4ra och k\u00e4ra med en g\u00e5va full av naturliga och charmiga alternativ. Med detta presentkort kan de ge bort sin favorit fr\u00e5n v\u00e5rt breda urval av v\u00e4xter och blommor och se till att de f\u00e5r precis vad de vill ha.<\/p>\n<p>Presentkortet erbjuder maximal flexibilitet, s\u00e5 att dina mottagare kan njuta av sp\u00e4nningen i att v\u00e4lja den perfekta v\u00e4xten eller blomsterbuketten. De kan ocks\u00e5 ta emot det p\u00e5 det s\u00e4tt de f\u00f6redrar, antingen via ett traditionellt brev, ett elegant e-postmeddelande eller ett personligt meddelande p\u00e5 WhatsApp.<\/p>\n<p>Varje presentkort levereras med en unik kod som enkelt kan l\u00f6sas in i v\u00e5r onlinebutik, vilket ger en problemfri shoppingupplevelse. V\u00e5rt breda utbud av f\u00e4rska, exotiska och klassiska v\u00e4xter och blommor garanterar att du hittar n\u00e5got som passar perfekt f\u00f6r din smak och speciella tillf\u00e4llen.<\/p>\n<p>\u00d6verraska dina n\u00e4ra och k\u00e4ra med valfriheten och den naturliga sk\u00f6nheten i v\u00e5rt presentkort. Oavsett om det g\u00e4ller en f\u00f6delsedag, en \u00e5rsdag, ett tack eller bara f\u00f6r att f\u00f6rgylla n\u00e5gons dag, kommer denna unika g\u00e5va att l\u00e5ta dem uppt\u00e4cka och njuta av naturens friskhet och sk\u00f6nhet.<\/p>\n<p><strong>Hur fungerar presentkortet?<\/strong><\/p>\n<ol>\n<li>V\u00e4lj v\u00e4rdet p\u00e5 det presentkort som du vill ge bort som g\u00e5va.<\/li>\n<li>V\u00e4lj metod f\u00f6r att skicka: traditionellt brev, e-post eller personligt meddelande p\u00e5 WhatsApp.<\/li>\n<li>Mottagaren kommer att f\u00e5 presentkortet med en unik kod och en l\u00e4nk f\u00f6r att l\u00f6sa in det i v\u00e5r onlinebutik.<\/li>\n<li>De kommer att kunna bl\u00e4ddra i v\u00e5r kollektion av v\u00e4xter och blommor och v\u00e4lja den g\u00e5va de tycker b\u00e4st om.<\/li>\n<li>De kommer att njuta av sitt val och en g\u00e5va full av friskhet och naturlig sk\u00f6nhet!<\/li>\n<\/ol>\n<p>Ge valfrihetens och naturens magi med v\u00e5rt presentkort. \u00d6verraska dina n\u00e4ra och k\u00e4ra idag och dela gl\u00e4djen med att ge en gr\u00f6n och blommig touch!<\/p>","protected":false},"featured_media":785,"comment_status":"open","ping_status":"closed","template":"","meta":[],"product_brand":[],"product_cat":[23],"product_tag":[],"class_list":{"0":"post-786","1":"product","2":"type-product","3":"status-publish","4":"has-post-thumbnail","6":"product_cat-complementos","8":"first","9":"instock","10":"taxable","11":"shipping-taxable","12":"purchasable","13":"product-type-simple"},"_links":{"self":[{"href":"https:\/\/sueca13flores.com\/sv\/wp-json\/wp\/v2\/product\/786","targetHints":{"allow":["GET"]}}],"collection":[{"href":"https:\/\/sueca13flores.com\/sv\/wp-json\/wp\/v2\/product"}],"about":[{"href":"https:\/\/sueca13flores.com\/sv\/wp-json\/wp\/v2\/types\/product"}],"replies":[{"embeddable":true,"href":"https:\/\/sueca13flores.com\/sv\/wp-json\/wp\/v2\/comments?post=786"}],"wp:featuredmedia":[{"embeddable":true,"href":"https:\/\/sueca13flores.com\/sv\/wp-json\/wp\/v2\/media\/785"}],"wp:attachment":[{"href":"https:\/\/sueca13flores.com\/sv\/wp-json\/wp\/v2\/media?parent=786"}],"wp:term":[{"taxonomy":"product_brand","embeddable":true,"href":"https:\/\/sueca13flores.com\/sv\/wp-json\/wp\/v2\/product_brand?post=786"},{"taxonomy":"product_cat","embeddable":true,"href":"https:\/\/sueca13flores.com\/sv\/wp-json\/wp\/v2\/product_cat?post=786"},{"taxonomy":"product_tag","embeddable":true,"href":"https:\/\/sueca13flores.com\/sv\/wp-json\/wp\/v2\/product_tag?post=786"}],"curies":[{"name":"wp","href":"https:\/\/api.w.org\/{rel}","templated":true}]}}