{"id":795,"date":"2023-08-07T18:26:53","date_gmt":"2023-08-07T16:26:53","guid":{"rendered":"https:\/\/sueca13flores.com\/?post_type=product&#038;p=795"},"modified":"2025-05-22T06:49:52","modified_gmt":"2025-05-22T04:49:52","slug":"kapacito-campestre-siemprevivas","status":"publish","type":"product","link":"https:\/\/sueca13flores.com\/sv\/produkt\/kapacito-campestre-siemprevivas\/","title":{"rendered":"Capacito Campestre Siemprevivas"},"content":{"rendered":"","protected":false},"excerpt":{"rendered":"<p><span style=\"vertical-align: inherit;\"><span style=\"vertical-align: inherit;\"><span style=\"vertical-align: inherit;\"><span style=\"vertical-align: inherit;\">Uppt\u00e4ck v\u00e5r charmiga korg i lantlig stil. <\/span><span style=\"vertical-align: inherit;\">Detta f\u00e4ngslande blomsterarrangemang kombinerar landsbygdens friskhet med \u00e4ktheten hos torkade och konserverade blommor, vilket skapar en varaktig och charmig g\u00e5va som ger en rustik touch till alla utrymmen.<\/span><\/span><\/span><\/span><\/p>\n<p><span style=\"vertical-align: inherit;\"><span style=\"vertical-align: inherit;\"><span style=\"vertical-align: inherit;\"><span style=\"vertical-align: inherit;\">Tillverkad med blommor som odlats i Spanien. <\/span><span style=\"vertical-align: inherit;\">Fr\u00e5n de delikata vilda blommorna av f\u00e4rgglada statice i mjuka nyanser, som limonium, som \u00e5tf\u00f6ljer konserverade gr\u00f6na som mastik eller eukalyptus och ormbunke. <\/span><span style=\"vertical-align: inherit;\">Varje del av arrangemanget framkallar lugnet och stillheten hos en \u00e4ng p\u00e5 landet under alla \u00e5rstider.<\/span><\/span><\/span><\/span><\/p>\n<p><span style=\"vertical-align: inherit;\"><span style=\"vertical-align: inherit;\"><span style=\"vertical-align: inherit;\"><span style=\"vertical-align: inherit;\">Denna korg med torkade blommor presenteras i en handgjord korg av rotting med en rosett av raffia och ger en k\u00e4nsla av \u00e4kthet och rustikitet. <\/span><span style=\"vertical-align: inherit;\">Korgen av rotting ger en textur och ett naturligt utseende som framh\u00e4ver blommornas sk\u00f6nhet och skapar en visuellt tilltalande kontrast.<\/span><\/span><\/span><\/span><\/p>\n<p><span style=\"vertical-align: inherit;\"><span style=\"vertical-align: inherit;\"><span style=\"vertical-align: inherit;\"><span style=\"vertical-align: inherit;\">V\u00e5r korg med konserverade torkade blommor \u00e4r inte bara en visuellt fantastisk g\u00e5va, utan har ocks\u00e5 f\u00f6rdelen att den \u00e4r l\u00e5ngvarig och beh\u00e5ller sin sk\u00f6nhet \u00f6ver tid eftersom den inte beh\u00f6ver vatten. <\/span><span style=\"vertical-align: inherit;\">Torkade och konserverade blommor kr\u00e4ver ingen s\u00e4rskild sk\u00f6tsel och kommer att beh\u00e5lla sitt fr\u00e4scha och levande utseende under l\u00e5ng tid, s\u00e5 att du kan njuta av deras rustika charm utan oro.<\/span><\/span><\/span><\/span><\/p>\n<p><span style=\"vertical-align: inherit;\"><span style=\"vertical-align: inherit;\"><span style=\"vertical-align: inherit;\"><span style=\"vertical-align: inherit;\">Varje korg \u00e4r handgjord, s\u00e5 de \u00e4r alla unika och olika. <\/span><span style=\"vertical-align: inherit;\">Vi anv\u00e4nder ocks\u00e5 s\u00e4songsbetonade och lokala blommor n\u00e4r det \u00e4r m\u00f6jligt, till exempel statis och limonium, som odlas i Valencia.<\/span><\/span><\/span><\/span><\/p>\n<p><span style=\"vertical-align: inherit;\"><span style=\"vertical-align: inherit;\"><span style=\"vertical-align: inherit;\"><span style=\"vertical-align: inherit;\">L\u00e4gg till en touch av rustik charm och best\u00e5ende charm i ditt hem med v\u00e5r f\u00e4ngslande Country Basket.<\/span><\/span><\/span><\/span><\/p>\n<p><span style=\"vertical-align: inherit;\"><span style=\"vertical-align: inherit;\"><span style=\"vertical-align: inherit;\"><span style=\"vertical-align: inherit;\">Du kan l\u00e4gga till en kort dedikation kostnadsfritt.<\/span><\/span><\/span><\/span><\/p>\n<p><span style=\"vertical-align: inherit;\"><span style=\"vertical-align: inherit;\"><span style=\"vertical-align: inherit;\"><span style=\"vertical-align: inherit;\">Ungef\u00e4rliga m\u00e5tt 16 cm h\u00f6g 25 cm l\u00e5ng.<\/span><\/span><\/span><\/span><\/p>","protected":false},"featured_media":796,"comment_status":"closed","ping_status":"closed","template":"","meta":[],"product_brand":[],"product_cat":[42,21],"product_tag":[],"class_list":{"0":"post-795","1":"product","2":"type-product","3":"status-publish","4":"has-post-thumbnail","6":"product_cat-dia-de-la-madre","7":"product_cat-flores-preservadas","9":"first","10":"instock","11":"taxable","12":"shipping-taxable","13":"purchasable","14":"product-type-simple"},"_links":{"self":[{"href":"https:\/\/sueca13flores.com\/sv\/wp-json\/wp\/v2\/product\/795","targetHints":{"allow":["GET"]}}],"collection":[{"href":"https:\/\/sueca13flores.com\/sv\/wp-json\/wp\/v2\/product"}],"about":[{"href":"https:\/\/sueca13flores.com\/sv\/wp-json\/wp\/v2\/types\/product"}],"replies":[{"embeddable":true,"href":"https:\/\/sueca13flores.com\/sv\/wp-json\/wp\/v2\/comments?post=795"}],"wp:featuredmedia":[{"embeddable":true,"href":"https:\/\/sueca13flores.com\/sv\/wp-json\/wp\/v2\/media\/796"}],"wp:attachment":[{"href":"https:\/\/sueca13flores.com\/sv\/wp-json\/wp\/v2\/media?parent=795"}],"wp:term":[{"taxonomy":"product_brand","embeddable":true,"href":"https:\/\/sueca13flores.com\/sv\/wp-json\/wp\/v2\/product_brand?post=795"},{"taxonomy":"product_cat","embeddable":true,"href":"https:\/\/sueca13flores.com\/sv\/wp-json\/wp\/v2\/product_cat?post=795"},{"taxonomy":"product_tag","embeddable":true,"href":"https:\/\/sueca13flores.com\/sv\/wp-json\/wp\/v2\/product_tag?post=795"}],"curies":[{"name":"wp","href":"https:\/\/api.w.org\/{rel}","templated":true}]}}