{"id":830,"date":"2023-11-22T13:49:36","date_gmt":"2023-11-22T12:49:36","guid":{"rendered":"https:\/\/sueca13flores.com\/?post_type=product&#038;p=830"},"modified":"2026-01-02T10:48:16","modified_gmt":"2026-01-02T09:48:16","slug":"mini-julstjarna-eller-julstjarneblomma","status":"publish","type":"product","link":"https:\/\/sueca13flores.com\/sv\/produkt\/mini-julstjarna-eller-julstjarneblomma\/","title":{"rendered":"Nadalenca eller Flor de Pascua (julstj\u00e4rna)"},"content":{"rendered":"","protected":false},"excerpt":{"rendered":"<p><span style=\"vertical-align: inherit;\"><span style=\"vertical-align: inherit;\">Fira julens ankomst med elegans, charm och den livfulla r\u00f6da f\u00e4rgen hos v\u00e5ra valencianska julstj\u00e4rnor.<\/span><\/span><\/p>\n<p><span style=\"vertical-align: inherit;\"><span style=\"vertical-align: inherit;\">V\u00e5ra julstj\u00e4rnor ger inte bara en festlig touch, utan \u00e4r ocks\u00e5 en perfekt present till familj och v\u00e4nner. <\/span><span style=\"vertical-align: inherit;\">Alla odlas i Valencia, vilket garanterar deras f\u00e4rskhet och n\u00e4rhet.<\/span><\/span><\/p>\n<p><span style=\"vertical-align: inherit;\"><span style=\"vertical-align: inherit;\">De \u00e4r dekorerade med exklusiva julf\u00f6rpackningar och rosetter.\u00a0<\/span><\/span><\/p>\n<p><span style=\"vertical-align: inherit;\"><span style=\"vertical-align: inherit;\">Du kan l\u00e4gga till en gratis dedikation till din best\u00e4llning.<\/span><\/span><\/p>\n<p><span style=\"vertical-align: inherit;\"><span style=\"vertical-align: inherit;\">H\u00f6jd ca 40-45 cm.<\/span><\/span><\/p>","protected":false},"featured_media":3280,"comment_status":"closed","ping_status":"closed","template":"","meta":[],"product_brand":[],"product_cat":[39],"product_tag":[],"class_list":{"0":"post-830","1":"product","2":"type-product","3":"status-publish","4":"has-post-thumbnail","6":"product_cat-navidad","8":"first","9":"outofstock","10":"taxable","11":"shipping-taxable","12":"purchasable","13":"product-type-simple"},"_links":{"self":[{"href":"https:\/\/sueca13flores.com\/sv\/wp-json\/wp\/v2\/product\/830","targetHints":{"allow":["GET"]}}],"collection":[{"href":"https:\/\/sueca13flores.com\/sv\/wp-json\/wp\/v2\/product"}],"about":[{"href":"https:\/\/sueca13flores.com\/sv\/wp-json\/wp\/v2\/types\/product"}],"replies":[{"embeddable":true,"href":"https:\/\/sueca13flores.com\/sv\/wp-json\/wp\/v2\/comments?post=830"}],"wp:featuredmedia":[{"embeddable":true,"href":"https:\/\/sueca13flores.com\/sv\/wp-json\/wp\/v2\/media\/3280"}],"wp:attachment":[{"href":"https:\/\/sueca13flores.com\/sv\/wp-json\/wp\/v2\/media?parent=830"}],"wp:term":[{"taxonomy":"product_brand","embeddable":true,"href":"https:\/\/sueca13flores.com\/sv\/wp-json\/wp\/v2\/product_brand?post=830"},{"taxonomy":"product_cat","embeddable":true,"href":"https:\/\/sueca13flores.com\/sv\/wp-json\/wp\/v2\/product_cat?post=830"},{"taxonomy":"product_tag","embeddable":true,"href":"https:\/\/sueca13flores.com\/sv\/wp-json\/wp\/v2\/product_tag?post=830"}],"curies":[{"name":"wp","href":"https:\/\/api.w.org\/{rel}","templated":true}]}}