{"id":832,"date":"2023-11-22T18:56:21","date_gmt":"2023-11-22T17:56:21","guid":{"rendered":"https:\/\/sueca13flores.com\/?post_type=product&#038;p=832"},"modified":"2026-01-02T10:47:40","modified_gmt":"2026-01-02T09:47:40","slug":"julkrans-nadal","status":"publish","type":"product","link":"https:\/\/sueca13flores.com\/sv\/produkt\/julkrans-nadal\/","title":{"rendered":"Jul Nadal"},"content":{"rendered":"","protected":false},"excerpt":{"rendered":"<p><span style=\"vertical-align: inherit;\"><span style=\"vertical-align: inherit;\">Exklusiv handgjord julkrans, omsorgsfullt tillverkad av naturliga och aromatiska material, t.ex. gran, f\u00e4rsk eukalyptus, kanelst\u00e4nger och apelsinskivor. <\/span><\/span><span style=\"vertical-align: inherit;\"><span style=\"vertical-align: inherit;\">En varm dekorativ touch av ren julessens, gjord f\u00f6r att ge en festlig och aromatisk touch till ditt hem.<\/span><\/span><\/p>\n<p><span style=\"vertical-align: inherit;\"><span style=\"vertical-align: inherit;\">Vissa element kan variera beroende p\u00e5 tillg\u00e4nglighet. Bilden \u00e4r v\u00e4gledande eftersom v\u00e5ra kransar \u00e4r handgjorda och varje krans \u00e4r annorlunda och unik.\u00a0<\/span><\/span><\/p>\n<p><span style=\"vertical-align: inherit;\"><span style=\"vertical-align: inherit;\">Om du vill ha en viss komposition i en speciell nyans eller med ett visst material kan du kontakta oss via whatsapp-knappen.<\/span><\/span><\/p>\n<p>Ungef\u00e4rlig storlek diameter 30-35 cm<\/p>\n<p>&nbsp;<\/p>","protected":false},"featured_media":828,"comment_status":"closed","ping_status":"closed","template":"","meta":[],"product_brand":[],"product_cat":[39],"product_tag":[],"class_list":{"0":"post-832","1":"product","2":"type-product","3":"status-publish","4":"has-post-thumbnail","6":"product_cat-navidad","8":"first","9":"outofstock","10":"taxable","11":"shipping-taxable","12":"purchasable","13":"product-type-simple"},"_links":{"self":[{"href":"https:\/\/sueca13flores.com\/sv\/wp-json\/wp\/v2\/product\/832","targetHints":{"allow":["GET"]}}],"collection":[{"href":"https:\/\/sueca13flores.com\/sv\/wp-json\/wp\/v2\/product"}],"about":[{"href":"https:\/\/sueca13flores.com\/sv\/wp-json\/wp\/v2\/types\/product"}],"replies":[{"embeddable":true,"href":"https:\/\/sueca13flores.com\/sv\/wp-json\/wp\/v2\/comments?post=832"}],"wp:featuredmedia":[{"embeddable":true,"href":"https:\/\/sueca13flores.com\/sv\/wp-json\/wp\/v2\/media\/828"}],"wp:attachment":[{"href":"https:\/\/sueca13flores.com\/sv\/wp-json\/wp\/v2\/media?parent=832"}],"wp:term":[{"taxonomy":"product_brand","embeddable":true,"href":"https:\/\/sueca13flores.com\/sv\/wp-json\/wp\/v2\/product_brand?post=832"},{"taxonomy":"product_cat","embeddable":true,"href":"https:\/\/sueca13flores.com\/sv\/wp-json\/wp\/v2\/product_cat?post=832"},{"taxonomy":"product_tag","embeddable":true,"href":"https:\/\/sueca13flores.com\/sv\/wp-json\/wp\/v2\/product_tag?post=832"}],"curies":[{"name":"wp","href":"https:\/\/api.w.org\/{rel}","templated":true}]}}