{"id":833,"date":"2023-11-22T19:47:43","date_gmt":"2023-11-22T18:47:43","guid":{"rendered":"https:\/\/sueca13flores.com\/?post_type=product&#038;p=833"},"modified":"2026-01-02T10:49:47","modified_gmt":"2026-01-02T09:49:47","slug":"bukett-i-eukalyptusvas-i-guld","status":"publish","type":"product","link":"https:\/\/sueca13flores.com\/sv\/produkt\/bukett-i-eukalyptusvas-i-guld\/","title":{"rendered":"Bukett i eukalyptusvas i guld"},"content":{"rendered":"","protected":false},"excerpt":{"rendered":"<p><span style=\"vertical-align: inherit;\"><span style=\"vertical-align: inherit;\">Dekorera ditt hem inf\u00f6r julen med denna eleganta glasvas dekorerad med ett arrangemang av guldf\u00e4rgad eukalyptus och naturlig eukalyptus cinerea. Doften av jul kommer in i ditt hem.<\/span><\/span><\/p>\n<p><span style=\"vertical-align: inherit;\"><span style=\"vertical-align: inherit;\">En touch av elegans och sk\u00f6nhet som v\u00e4lkomnar den festliga s\u00e4songen och ger v\u00e4rme och sk\u00f6nhet till alla utrymmen i ditt hem.\u00a0<\/span><\/span><\/p>\n<p>Du kan tills\u00e4tta vatten och l\u00e5ta den vara torr under semestern.<\/p>\n<p><span style=\"vertical-align: inherit;\"><span style=\"vertical-align: inherit;\">Finns \u00e4ven i silver, vitt, metallic eller matt r\u00f6tt och naturgr\u00f6nt p\u00e5 beg\u00e4ran.<\/span><\/span><\/p>\n<p>Ungef\u00e4rlig h\u00f6jd p\u00e5 vasen 19 cm. Ungef\u00e4rlig h\u00f6jd p\u00e5 kompositionen 40-45 cm.<\/p>","protected":false},"featured_media":2387,"comment_status":"closed","ping_status":"closed","template":"","meta":[],"product_brand":[],"product_cat":[39],"product_tag":[],"class_list":{"0":"post-833","1":"product","2":"type-product","3":"status-publish","4":"has-post-thumbnail","6":"product_cat-navidad","8":"first","9":"outofstock","10":"taxable","11":"shipping-taxable","12":"purchasable","13":"product-type-simple"},"_links":{"self":[{"href":"https:\/\/sueca13flores.com\/sv\/wp-json\/wp\/v2\/product\/833","targetHints":{"allow":["GET"]}}],"collection":[{"href":"https:\/\/sueca13flores.com\/sv\/wp-json\/wp\/v2\/product"}],"about":[{"href":"https:\/\/sueca13flores.com\/sv\/wp-json\/wp\/v2\/types\/product"}],"replies":[{"embeddable":true,"href":"https:\/\/sueca13flores.com\/sv\/wp-json\/wp\/v2\/comments?post=833"}],"wp:featuredmedia":[{"embeddable":true,"href":"https:\/\/sueca13flores.com\/sv\/wp-json\/wp\/v2\/media\/2387"}],"wp:attachment":[{"href":"https:\/\/sueca13flores.com\/sv\/wp-json\/wp\/v2\/media?parent=833"}],"wp:term":[{"taxonomy":"product_brand","embeddable":true,"href":"https:\/\/sueca13flores.com\/sv\/wp-json\/wp\/v2\/product_brand?post=833"},{"taxonomy":"product_cat","embeddable":true,"href":"https:\/\/sueca13flores.com\/sv\/wp-json\/wp\/v2\/product_cat?post=833"},{"taxonomy":"product_tag","embeddable":true,"href":"https:\/\/sueca13flores.com\/sv\/wp-json\/wp\/v2\/product_tag?post=833"}],"curies":[{"name":"wp","href":"https:\/\/api.w.org\/{rel}","templated":true}]}}