{"id":839,"date":"2023-11-22T20:43:02","date_gmt":"2023-11-22T19:43:02","guid":{"rendered":"https:\/\/sueca13flores.com\/?post_type=product&#038;p=839"},"modified":"2025-10-26T17:20:22","modified_gmt":"2025-10-26T16:20:22","slug":"julklappsbevis-45","status":"publish","type":"product","link":"https:\/\/sueca13flores.com\/sv\/produkt\/julklappsbevis-45\/","title":{"rendered":"Julklappsbevis 45"},"content":{"rendered":"","protected":false},"excerpt":{"rendered":"<p><span style=\"vertical-align: inherit;\"><span style=\"vertical-align: inherit;\">Har du sv\u00e5rt att best\u00e4mma dig mellan att ge en v\u00e4xt eller vackra blommor? <\/span><span style=\"vertical-align: inherit;\">Oroa dig inte!<\/span><\/span><\/p>\n<p><span style=\"vertical-align: inherit;\"><span style=\"vertical-align: inherit;\">Med v\u00e5rt presentkort kan din g\u00e5vomottagare v\u00e4lja bland v\u00e5rt breda urval av v\u00e4xter och blommor, s\u00e5 att de f\u00e5r precis vad de vill ha.<\/span><\/span><\/p>\n<p><span style=\"vertical-align: inherit;\"><span style=\"vertical-align: inherit;\">Presentkortet erbjuder maximal flexibilitet, s\u00e5 att dina mottagare kan njuta av sp\u00e4nningen i att v\u00e4lja den perfekta v\u00e4xten eller blomsterbuketten. <\/span><span style=\"vertical-align: inherit;\">Dessutom kan du ta emot det p\u00e5 det s\u00e4tt du f\u00f6redrar, antingen via traditionellt brev, via ett elegant e-postmeddelande eller via ett personligt meddelande p\u00e5 WhatsApp.<\/span><\/span><\/p>\n<p><span style=\"vertical-align: inherit;\"><span style=\"vertical-align: inherit;\">Varje presentkort levereras med en unik kod som enkelt kan l\u00f6sas in i v\u00e5r fysiska butik, vilket ger en problemfri shoppingupplevelse. <\/span><span style=\"vertical-align: inherit;\">V\u00e5rt breda sortiment av f\u00e4rska, exotiska och klassiska v\u00e4xter och blommor garanterar att du hittar n\u00e5got som passar perfekt f\u00f6r din smak och dina speciella tillf\u00e4llen.<\/span><\/span><\/p>\n<p><span style=\"vertical-align: inherit;\"><span style=\"vertical-align: inherit;\">\u00d6verraska dina n\u00e4ra och k\u00e4ra med valfriheten och den naturliga sk\u00f6nheten i v\u00e5rt presentkort. <\/span><span style=\"vertical-align: inherit;\">Oavsett om det g\u00e4ller en f\u00f6delsedag, ett jubileum, ett tack eller bara f\u00f6r att f\u00f6rgylla n\u00e5gons dag, kommer denna unika g\u00e5va att l\u00e5ta dem uppt\u00e4cka och njuta av naturens friskhet och sk\u00f6nhet.<\/span><\/span><\/p>\n<p><strong><span style=\"vertical-align: inherit;\"><span style=\"vertical-align: inherit;\">Hur fungerar presentkortet?<\/span><\/span><\/strong><\/p>\n<ol>\n<li><span style=\"vertical-align: inherit;\"><span style=\"vertical-align: inherit;\">V\u00e4lj metod f\u00f6r att skicka: traditionellt brev, e-post eller personligt meddelande p\u00e5 WhatsApp.<\/span><\/span><\/li>\n<li><span style=\"vertical-align: inherit;\"><span style=\"vertical-align: inherit;\">Mottagaren kommer att f\u00e5 presentkortet med en unik kod\u00a0 <\/span><\/span><strong><span style=\"vertical-align: inherit;\"><span style=\"vertical-align: inherit;\">f\u00f6r att l\u00f6sa in den i v\u00e5r fysiska butik.<\/span><\/span><\/strong><\/li>\n<li><span style=\"vertical-align: inherit;\"><span style=\"vertical-align: inherit;\">De kommer att kunna bl\u00e4ddra i v\u00e5r kollektion av v\u00e4xter och blommor och v\u00e4lja den g\u00e5va de tycker b\u00e4st om.<\/span><\/span><\/li>\n<li><span style=\"vertical-align: inherit;\"><span style=\"vertical-align: inherit;\">De kommer att njuta av sitt val och en g\u00e5va full av friskhet och naturlig sk\u00f6nhet!<\/span><\/span><\/li>\n<li><span style=\"vertical-align: inherit;\"><span style=\"vertical-align: inherit;\">DENNA KUPONG HAR INGET UTG\u00c5NGSDATUM.<\/span><\/span><\/li>\n<\/ol>","protected":false},"featured_media":838,"comment_status":"closed","ping_status":"closed","template":"","meta":[],"product_brand":[],"product_cat":[39],"product_tag":[],"class_list":{"0":"post-839","1":"product","2":"type-product","3":"status-publish","4":"has-post-thumbnail","6":"product_cat-navidad","8":"first","9":"instock","10":"taxable","11":"shipping-taxable","12":"purchasable","13":"product-type-simple"},"_links":{"self":[{"href":"https:\/\/sueca13flores.com\/sv\/wp-json\/wp\/v2\/product\/839","targetHints":{"allow":["GET"]}}],"collection":[{"href":"https:\/\/sueca13flores.com\/sv\/wp-json\/wp\/v2\/product"}],"about":[{"href":"https:\/\/sueca13flores.com\/sv\/wp-json\/wp\/v2\/types\/product"}],"replies":[{"embeddable":true,"href":"https:\/\/sueca13flores.com\/sv\/wp-json\/wp\/v2\/comments?post=839"}],"wp:featuredmedia":[{"embeddable":true,"href":"https:\/\/sueca13flores.com\/sv\/wp-json\/wp\/v2\/media\/838"}],"wp:attachment":[{"href":"https:\/\/sueca13flores.com\/sv\/wp-json\/wp\/v2\/media?parent=839"}],"wp:term":[{"taxonomy":"product_brand","embeddable":true,"href":"https:\/\/sueca13flores.com\/sv\/wp-json\/wp\/v2\/product_brand?post=839"},{"taxonomy":"product_cat","embeddable":true,"href":"https:\/\/sueca13flores.com\/sv\/wp-json\/wp\/v2\/product_cat?post=839"},{"taxonomy":"product_tag","embeddable":true,"href":"https:\/\/sueca13flores.com\/sv\/wp-json\/wp\/v2\/product_tag?post=839"}],"curies":[{"name":"wp","href":"https:\/\/api.w.org\/{rel}","templated":true}]}}