{"id":888,"date":"2024-01-17T19:58:51","date_gmt":"2024-01-17T18:58:51","guid":{"rendered":"https:\/\/sueca13flores.com\/?post_type=product&#038;p=888"},"modified":"2025-04-26T12:39:36","modified_gmt":"2025-04-26T10:39:36","slug":"gerberetes","status":"publish","type":"product","link":"https:\/\/sueca13flores.com\/sv\/produkt\/gerberetes\/","title":{"rendered":"Blomsterbukett \"Gerberetes i Margarides\"."},"content":{"rendered":"<h2><\/h2>\n<p>&nbsp;<\/p>","protected":false},"excerpt":{"rendered":"<p>&nbsp;<\/p>\n<p><span style=\"vertical-align: inherit;\"><span style=\"vertical-align: inherit;\"><span style=\"vertical-align: inherit;\"><span style=\"vertical-align: inherit;\"><span style=\"vertical-align: inherit;\">Uppt\u00e4ck charmen med gerberor, deras f\u00e4rgglada kronblad och deras storlek.<\/span><\/span><\/span><\/span><\/span><\/p>\n<p><span style=\"vertical-align: inherit;\"><span style=\"vertical-align: inherit;\"><span style=\"vertical-align: inherit;\"><span style=\"vertical-align: inherit;\"><span style=\"vertical-align: inherit;\">V\u00e5ra buketter med pr\u00e4stkragar och gerberor \u00e4r perfekta f\u00f6r att f\u00f6rmedla gl\u00e4dje och goda vibbar. De olika kombinationerna av ljusa f\u00e4rger p\u00e5 varje stam, liksom det perfekta ackompanjemanget av gr\u00f6na v\u00e4xter som ormbunke, ger dig en unik upplevelse full av vitalitet och l\u00e5ngvarig friskhet.<\/span><\/span><\/span><\/span><\/span><\/p>\n<p><span style=\"vertical-align: inherit;\"><span style=\"vertical-align: inherit;\"><span style=\"vertical-align: inherit;\"><span style=\"vertical-align: inherit;\"><span style=\"vertical-align: inherit;\">Oavsett om du vill f\u00f6rmedla k\u00e4rlek, v\u00e4nskap eller bara vill f\u00f6rgylla dagen f\u00f6r n\u00e5gon speciell, \u00e4r v\u00e5r bukett med pr\u00e4stkragar och gerberor den perfekta presenten. Dessutom g\u00f6r deras m\u00e5ngsidighet och styrka dem till den perfekta f\u00f6ljeslagaren f\u00f6r alla tillf\u00e4llen, oavsett om det \u00e4r en \u00e5rsdag, f\u00f6delsedag eller helt enkelt f\u00f6r att dekorera ditt hem.<\/span><\/span><\/span><\/span><\/span><\/p>\n<p>Du kan l\u00e4gga till en gratis BRIEF dedikation.<\/p>\n<p>&nbsp;<\/p>","protected":false},"featured_media":889,"comment_status":"closed","ping_status":"closed","template":"","meta":[],"product_brand":[],"product_cat":[42,26,40],"product_tag":[],"class_list":{"0":"post-888","1":"product","2":"type-product","3":"status-publish","4":"has-post-thumbnail","6":"product_cat-dia-de-la-madre","7":"product_cat-composiciones-de-flores-y-plantas","8":"product_cat-san-valentin","10":"first","11":"instock","12":"taxable","13":"shipping-taxable","14":"purchasable","15":"product-type-simple"},"_links":{"self":[{"href":"https:\/\/sueca13flores.com\/sv\/wp-json\/wp\/v2\/product\/888","targetHints":{"allow":["GET"]}}],"collection":[{"href":"https:\/\/sueca13flores.com\/sv\/wp-json\/wp\/v2\/product"}],"about":[{"href":"https:\/\/sueca13flores.com\/sv\/wp-json\/wp\/v2\/types\/product"}],"replies":[{"embeddable":true,"href":"https:\/\/sueca13flores.com\/sv\/wp-json\/wp\/v2\/comments?post=888"}],"wp:featuredmedia":[{"embeddable":true,"href":"https:\/\/sueca13flores.com\/sv\/wp-json\/wp\/v2\/media\/889"}],"wp:attachment":[{"href":"https:\/\/sueca13flores.com\/sv\/wp-json\/wp\/v2\/media?parent=888"}],"wp:term":[{"taxonomy":"product_brand","embeddable":true,"href":"https:\/\/sueca13flores.com\/sv\/wp-json\/wp\/v2\/product_brand?post=888"},{"taxonomy":"product_cat","embeddable":true,"href":"https:\/\/sueca13flores.com\/sv\/wp-json\/wp\/v2\/product_cat?post=888"},{"taxonomy":"product_tag","embeddable":true,"href":"https:\/\/sueca13flores.com\/sv\/wp-json\/wp\/v2\/product_tag?post=888"}],"curies":[{"name":"wp","href":"https:\/\/api.w.org\/{rel}","templated":true}]}}