{"id":936,"date":"2024-02-11T18:48:46","date_gmt":"2024-02-11T17:48:46","guid":{"rendered":"https:\/\/sueca13flores.com\/?post_type=product&#038;p=936"},"modified":"2026-02-07T10:10:58","modified_gmt":"2026-02-07T09:10:58","slug":"eternity-rosa-ros-kupol","status":"publish","type":"product","link":"https:\/\/sueca13flores.com\/sv\/produkt\/eternity-rosa-ros-kupol\/","title":{"rendered":"Eternity Pink Rose Dome"},"content":{"rendered":"","protected":false},"excerpt":{"rendered":"<p><span style=\"vertical-align: inherit;\"><span style=\"vertical-align: inherit;\">V\u00e5r Preserved Pink Rose Crystal Dome \u00e4r en tidl\u00f6s symbol f\u00f6r k\u00e4rlek och romantik. <\/span><span style=\"vertical-align: inherit;\">Rosen, som \u00e4r k\u00e4nd som symbolen f\u00f6r passionerad k\u00e4rlek, har f\u00e4ngslat m\u00e4nniskors hj\u00e4rtan genom historien. <\/span><span style=\"vertical-align: inherit;\">Varje kronblad i rosen har noggrant bevarats och beh\u00e5llit sin ursprungliga form, f\u00e4rg och textur, f\u00f6r en best\u00e5ende sk\u00f6nhet som \u00f6verg\u00e5r tiden.<\/span><\/span><\/p>\n<p><span style=\"vertical-align: inherit;\"><span style=\"vertical-align: inherit;\">Glaskupolen, med sin transparens, ger en touch av magi och mystik till den bevarade rosen. <\/span><span style=\"vertical-align: inherit;\">Kupolen skyddar och framh\u00e4ver rosen, vilket skapar en f\u00f6rtrollande och f\u00e4ngslande atmosf\u00e4r. <\/span><span style=\"vertical-align: inherit;\">Dessutom ger kupolens bas, tillverkad av h\u00f6gkvalitativa material, stabilitet och ett elegant utseende, vilket g\u00f6r att rosen kan lysa i all sin prakt.<\/span><\/span><\/p>\n<p><span style=\"vertical-align: inherit;\"><span style=\"vertical-align: inherit;\">V\u00e5r Preserved Rose Crystal Dome \u00e4r inte bara en visuellt fantastisk dekorativ bit, utan ocks\u00e5 en g\u00e5va full av mening och symbolik. <\/span><span style=\"vertical-align: inherit;\">Rosen representerar k\u00e4rlek och romantik, vilket g\u00f6r denna prydnad till den perfekta presenten f\u00f6r speciella tillf\u00e4llen som \u00e5rsdagar, f\u00f6delsedagar eller romantiska stunder. <\/span><span style=\"vertical-align: inherit;\">Varje g\u00e5ng n\u00e5gon tittar p\u00e5 den bevarade rosen inuti kupolen kommer de att p\u00e5minnas om den eviga k\u00e4rlek och sk\u00f6nhet som den representerar.<\/span><\/span><\/p>\n<p><span style=\"vertical-align: inherit;\"><span style=\"vertical-align: inherit;\">I v\u00e5r onlinebutik erbjuder vi dig dessa kristallkupoler med konserverade rosor av h\u00f6gsta kvalitet, utvalda och handgjorda. <\/span><span style=\"vertical-align: inherit;\">Varje kupol \u00e4r ett unikt f\u00f6rem\u00e5l, designat f\u00f6r att f\u00f6rmedla k\u00e4rlekens tidl\u00f6sa elegans och kraft i dess mest uts\u00f6kta form.<\/span><\/span><\/p>\n<p><span style=\"vertical-align: inherit;\"><span style=\"vertical-align: inherit;\">L\u00e4gg till en touch av romantisk charm i ditt hem eller \u00f6verraska n\u00e5gon speciell med v\u00e5r f\u00e4ngslande Preserved Red Rose Crystal Dome.<\/span><\/span><\/p>\n<p><span style=\"vertical-align: inherit;\"><span style=\"vertical-align: inherit;\">F\u00f6r andra nyanser av rosa, v\u00e4nligen kontakta oss.<\/span><\/span><\/p>\n<p><span style=\"vertical-align: inherit;\"><span style=\"vertical-align: inherit;\">Du kan l\u00e4gga till en kort dedikation kostnadsfritt.<\/span><\/span><\/p>","protected":false},"featured_media":937,"comment_status":"open","ping_status":"closed","template":"","meta":[],"product_brand":[],"product_cat":[21,40],"product_tag":[],"class_list":{"0":"post-936","1":"product","2":"type-product","3":"status-publish","4":"has-post-thumbnail","6":"product_cat-flores-preservadas","7":"product_cat-san-valentin","9":"first","10":"instock","11":"taxable","12":"shipping-taxable","13":"purchasable","14":"product-type-simple"},"_links":{"self":[{"href":"https:\/\/sueca13flores.com\/sv\/wp-json\/wp\/v2\/product\/936","targetHints":{"allow":["GET"]}}],"collection":[{"href":"https:\/\/sueca13flores.com\/sv\/wp-json\/wp\/v2\/product"}],"about":[{"href":"https:\/\/sueca13flores.com\/sv\/wp-json\/wp\/v2\/types\/product"}],"replies":[{"embeddable":true,"href":"https:\/\/sueca13flores.com\/sv\/wp-json\/wp\/v2\/comments?post=936"}],"wp:featuredmedia":[{"embeddable":true,"href":"https:\/\/sueca13flores.com\/sv\/wp-json\/wp\/v2\/media\/937"}],"wp:attachment":[{"href":"https:\/\/sueca13flores.com\/sv\/wp-json\/wp\/v2\/media?parent=936"}],"wp:term":[{"taxonomy":"product_brand","embeddable":true,"href":"https:\/\/sueca13flores.com\/sv\/wp-json\/wp\/v2\/product_brand?post=936"},{"taxonomy":"product_cat","embeddable":true,"href":"https:\/\/sueca13flores.com\/sv\/wp-json\/wp\/v2\/product_cat?post=936"},{"taxonomy":"product_tag","embeddable":true,"href":"https:\/\/sueca13flores.com\/sv\/wp-json\/wp\/v2\/product_tag?post=936"}],"curies":[{"name":"wp","href":"https:\/\/api.w.org\/{rel}","templated":true}]}}