{"id":975,"date":"2024-02-11T20:44:25","date_gmt":"2024-02-11T19:44:25","guid":{"rendered":"https:\/\/sueca13flores.com\/?post_type=product&#038;p=975"},"modified":"2025-04-26T13:28:10","modified_gmt":"2025-04-26T11:28:10","slug":"alskar-mig-mjuk-bukett-av-blommor","status":"publish","type":"product","link":"https:\/\/sueca13flores.com\/sv\/produkt\/alskar-mig-mjuk-bukett-av-blommor\/","title":{"rendered":"Blomsterbukett \"Love me soft\"."},"content":{"rendered":"","protected":false},"excerpt":{"rendered":"<p>&nbsp;<\/p>\n<p>Vacker och elegant bukett f\u00f6r \u00e4lskare av mjuka och klassiska toner. Den h\u00e4r buketten kommer att gl\u00e4dja \u00e4lskare av mjuka och k\u00e4nsliga buketter i pastellf\u00e4rger.<\/p>\n<p>Du kan kostnadsfritt l\u00e4gga till en kortfattad beskrivning.<\/p>\n<p>Vissa blommor eller nyanser kan variera beroende p\u00e5 tillg\u00e4nglighet, men den eleganta och delikata k\u00e4nslan av pastellf\u00e4rger kommer att bibeh\u00e5llas.<\/p>","protected":false},"featured_media":977,"comment_status":"open","ping_status":"closed","template":"","meta":[],"product_brand":[],"product_cat":[42,26],"product_tag":[],"class_list":{"0":"post-975","1":"product","2":"type-product","3":"status-publish","4":"has-post-thumbnail","6":"product_cat-dia-de-la-madre","7":"product_cat-composiciones-de-flores-y-plantas","9":"first","10":"instock","11":"taxable","12":"shipping-taxable","13":"purchasable","14":"product-type-simple"},"_links":{"self":[{"href":"https:\/\/sueca13flores.com\/sv\/wp-json\/wp\/v2\/product\/975","targetHints":{"allow":["GET"]}}],"collection":[{"href":"https:\/\/sueca13flores.com\/sv\/wp-json\/wp\/v2\/product"}],"about":[{"href":"https:\/\/sueca13flores.com\/sv\/wp-json\/wp\/v2\/types\/product"}],"replies":[{"embeddable":true,"href":"https:\/\/sueca13flores.com\/sv\/wp-json\/wp\/v2\/comments?post=975"}],"wp:featuredmedia":[{"embeddable":true,"href":"https:\/\/sueca13flores.com\/sv\/wp-json\/wp\/v2\/media\/977"}],"wp:attachment":[{"href":"https:\/\/sueca13flores.com\/sv\/wp-json\/wp\/v2\/media?parent=975"}],"wp:term":[{"taxonomy":"product_brand","embeddable":true,"href":"https:\/\/sueca13flores.com\/sv\/wp-json\/wp\/v2\/product_brand?post=975"},{"taxonomy":"product_cat","embeddable":true,"href":"https:\/\/sueca13flores.com\/sv\/wp-json\/wp\/v2\/product_cat?post=975"},{"taxonomy":"product_tag","embeddable":true,"href":"https:\/\/sueca13flores.com\/sv\/wp-json\/wp\/v2\/product_tag?post=975"}],"curies":[{"name":"wp","href":"https:\/\/api.w.org\/{rel}","templated":true}]}}