{"id":982,"date":"2024-02-11T22:25:44","date_gmt":"2024-02-11T21:25:44","guid":{"rendered":"https:\/\/sueca13flores.com\/?post_type=product&#038;p=982"},"modified":"2026-02-19T17:30:03","modified_gmt":"2026-02-19T16:30:03","slug":"vaska-med-rosa-blommor","status":"publish","type":"product","link":"https:\/\/sueca13flores.com\/sv\/produkt\/vaska-med-rosa-blommor\/","title":{"rendered":"V\u00e4ska med rosa blommor"},"content":{"rendered":"","protected":false},"excerpt":{"rendered":"<p>&nbsp;<\/p>\n<p>&nbsp;<\/p>\n<p><span style=\"vertical-align: inherit;\"><span style=\"vertical-align: inherit;\">En romantisk l\u00e5da dekorerad i kraftpapper med f\u00e4rska blommor i mjuka och varma toner, som gerberor, rosor, alstromelias och diverse gr\u00f6nt. <\/span><span style=\"vertical-align: inherit;\">En oslagbar g\u00e5va f\u00f6r att s\u00e4ga att jag \u00e4lskar dig.<\/span><\/span><\/p>\n<p><span style=\"vertical-align: inherit;\"><span style=\"vertical-align: inherit;\">En avslappnad och modern touch som r\u00f6r sig bort fr\u00e5n blomsterbuketter f\u00f6r att visa all charm hos naturliga blommor i flirtiga l\u00e5dor, s\u00e4rskilt f\u00f6r alla hj\u00e4rtans dag.<\/span><\/span><\/p>\n<p><span style=\"vertical-align: inherit;\"><span style=\"vertical-align: inherit;\">Vissa blommor kan variera beroende p\u00e5 tillg\u00e4nglighet men utan att f\u00f6rlora den dominerande stilen och f\u00e4rgen i blomsterarrangemanget.<\/span><\/span><\/p>\n<p><span style=\"vertical-align: inherit;\"><span style=\"vertical-align: inherit;\">Du kan l\u00e4gga till en gratis BRIEF dedikation i kommentarer.<\/span><\/span><\/p>\n<p><span style=\"vertical-align: inherit;\"><span style=\"vertical-align: inherit;\">K\u00e4rleken \u00e4r i luften....<\/span><\/span><\/p>","protected":false},"featured_media":983,"comment_status":"open","ping_status":"closed","template":"","meta":[],"product_brand":[],"product_cat":[38],"product_tag":[],"class_list":{"0":"post-982","1":"product","2":"type-product","3":"status-publish","4":"has-post-thumbnail","6":"product_cat-centros-y-cestas-de-flores","8":"first","9":"instock","10":"taxable","11":"shipping-taxable","12":"purchasable","13":"product-type-simple"},"_links":{"self":[{"href":"https:\/\/sueca13flores.com\/sv\/wp-json\/wp\/v2\/product\/982","targetHints":{"allow":["GET"]}}],"collection":[{"href":"https:\/\/sueca13flores.com\/sv\/wp-json\/wp\/v2\/product"}],"about":[{"href":"https:\/\/sueca13flores.com\/sv\/wp-json\/wp\/v2\/types\/product"}],"replies":[{"embeddable":true,"href":"https:\/\/sueca13flores.com\/sv\/wp-json\/wp\/v2\/comments?post=982"}],"wp:featuredmedia":[{"embeddable":true,"href":"https:\/\/sueca13flores.com\/sv\/wp-json\/wp\/v2\/media\/983"}],"wp:attachment":[{"href":"https:\/\/sueca13flores.com\/sv\/wp-json\/wp\/v2\/media?parent=982"}],"wp:term":[{"taxonomy":"product_brand","embeddable":true,"href":"https:\/\/sueca13flores.com\/sv\/wp-json\/wp\/v2\/product_brand?post=982"},{"taxonomy":"product_cat","embeddable":true,"href":"https:\/\/sueca13flores.com\/sv\/wp-json\/wp\/v2\/product_cat?post=982"},{"taxonomy":"product_tag","embeddable":true,"href":"https:\/\/sueca13flores.com\/sv\/wp-json\/wp\/v2\/product_tag?post=982"}],"curies":[{"name":"wp","href":"https:\/\/api.w.org\/{rel}","templated":true}]}}